{"id":901,"date":"2025-02-09T10:28:14","date_gmt":"2025-02-09T10:28:14","guid":{"rendered":"http:\/\/sklep.titinka.pl\/?post_type=product&#038;p=901"},"modified":"2025-02-09T10:28:14","modified_gmt":"2025-02-09T10:28:14","slug":"ultra-violet-long-kolczyki-soutache","status":"publish","type":"product","link":"https:\/\/sklep.titinka.pl\/?product=ultra-violet-long-kolczyki-soutache","title":{"rendered":"Ultra Violet-Long- kolczyki soutache"},"content":{"rendered":"","protected":false},"excerpt":{"rendered":"<p>Stylowe kolczyki wykonana r\u0119cznie, metod\u0105 soutache z wykorzystaniem kryszta\u0142k\u00f3w i drobnych szklanych koralik\u00f3w toho.<\/p>\n<p>Dominuj\u0105cy kolor to fioletowy, od ty\u0142u wyko\u0144czone filcem.<\/p>\n<p>Zawieszone na srebrnym biglu.<\/p>\n<p>D\u0142ugo\u015b\u0107 z biglem 8 cm.<\/p>\n<p>&nbsp;<\/p>\n","protected":false},"featured_media":903,"template":"","meta":[],"product_cat":[7,9],"product_tag":[76,75,74,71,73,72],"_links":{"self":[{"href":"https:\/\/sklep.titinka.pl\/index.php?rest_route=\/wp\/v2\/product\/901"}],"collection":[{"href":"https:\/\/sklep.titinka.pl\/index.php?rest_route=\/wp\/v2\/product"}],"about":[{"href":"https:\/\/sklep.titinka.pl\/index.php?rest_route=\/wp\/v2\/types\/product"}],"wp:featuredmedia":[{"embeddable":true,"href":"https:\/\/sklep.titinka.pl\/index.php?rest_route=\/wp\/v2\/media\/903"}],"wp:attachment":[{"href":"https:\/\/sklep.titinka.pl\/index.php?rest_route=%2Fwp%2Fv2%2Fmedia&parent=901"}],"wp:term":[{"taxonomy":"product_cat","embeddable":true,"href":"https:\/\/sklep.titinka.pl\/index.php?rest_route=%2Fwp%2Fv2%2Fproduct_cat&post=901"},{"taxonomy":"product_tag","embeddable":true,"href":"https:\/\/sklep.titinka.pl\/index.php?rest_route=%2Fwp%2Fv2%2Fproduct_tag&post=901"}],"curies":[{"name":"wp","href":"https:\/\/api.w.org\/{rel}","templated":true}]}}