{"id":484,"date":"2025-02-09T11:00:06","date_gmt":"2025-02-09T11:00:06","guid":{"rendered":"http:\/\/sklep.titinka.pl\/?post_type=product&#038;p=484"},"modified":"2025-02-09T11:00:06","modified_gmt":"2025-02-09T11:00:06","slug":"kartka-na-pierwsza-komunie-swieta-kielich-blekitna","status":"publish","type":"product","link":"https:\/\/sklep.titinka.pl\/?product=kartka-na-pierwsza-komunie-swieta-kielich-blekitna","title":{"rendered":"Kartka na Pierwsz\u0105 Komuni\u0119 \u015awi\u0119t\u0105 &#8211; kielich &#8211; b\u0142\u0119kitna"},"content":{"rendered":"","protected":false},"excerpt":{"rendered":"<p>R\u0119cznie wykonana kartka na Pierwsz\u0105 Komuni\u0119 \u015awi\u0119t\u0105.<br \/>\nKartka wykonana z wysokiej jako\u015bci materia\u0142\u00f3w.<br \/>\nKartka jest sprzedawana w komplecie z bia\u0142\u0105 kopert\u0105<\/p>\n<p>Nie zawiera \u017cycze\u0144.<\/p>\n<p>Rozmiar A6 &#8211; 10,5 x 15 cm<\/p>\n","protected":false},"featured_media":486,"template":"","meta":[],"product_cat":[11,58],"product_tag":[],"_links":{"self":[{"href":"https:\/\/sklep.titinka.pl\/index.php?rest_route=\/wp\/v2\/product\/484"}],"collection":[{"href":"https:\/\/sklep.titinka.pl\/index.php?rest_route=\/wp\/v2\/product"}],"about":[{"href":"https:\/\/sklep.titinka.pl\/index.php?rest_route=\/wp\/v2\/types\/product"}],"wp:featuredmedia":[{"embeddable":true,"href":"https:\/\/sklep.titinka.pl\/index.php?rest_route=\/wp\/v2\/media\/486"}],"wp:attachment":[{"href":"https:\/\/sklep.titinka.pl\/index.php?rest_route=%2Fwp%2Fv2%2Fmedia&parent=484"}],"wp:term":[{"taxonomy":"product_cat","embeddable":true,"href":"https:\/\/sklep.titinka.pl\/index.php?rest_route=%2Fwp%2Fv2%2Fproduct_cat&post=484"},{"taxonomy":"product_tag","embeddable":true,"href":"https:\/\/sklep.titinka.pl\/index.php?rest_route=%2Fwp%2Fv2%2Fproduct_tag&post=484"}],"curies":[{"name":"wp","href":"https:\/\/api.w.org\/{rel}","templated":true}]}}