{"id":353,"date":"2025-02-09T10:31:53","date_gmt":"2025-02-09T10:31:53","guid":{"rendered":"http:\/\/sklep.titinka.pl\/?product=bransoletka-koralikowa-czerwono-zielono-zolta"},"modified":"2025-02-09T10:48:03","modified_gmt":"2025-02-09T10:48:03","slug":"bransoletka-koralikowa-czerwono-zielono-zolta","status":"publish","type":"product","link":"https:\/\/sklep.titinka.pl\/?product=bransoletka-koralikowa-czerwono-zielono-zolta","title":{"rendered":"Bransoletka koralikowa &#8211; czerwono-zielono-\u017c\u00f3\u0142ta"},"content":{"rendered":"","protected":false},"excerpt":{"rendered":"<p>Stylowa bransoletka koralikowa.<\/p>\n<p>Wykonana r\u0119cznie, metod\u0105 sznur\u00f3w koralikowo-szyde\u0142kowych.<\/p>\n<p>Dominuj\u0105ce\u00a0kolory to\u00a0czerwony, \u017c\u00f3\u0142ty i zielony.<\/p>\n<p>Bransoletka posiada pewne i eleganckie zapi\u0119cie w kolorze srebrnym.<\/p>\n<p>D\u0142ugo\u015b\u0107 z zapi\u0119ciem: 19,5 cm<\/p>\n<p>&nbsp;<\/p>\n","protected":false},"featured_media":355,"template":"","meta":[],"product_cat":[7,16],"product_tag":[51,50,43,48,47,44,45,52,49,46],"_links":{"self":[{"href":"https:\/\/sklep.titinka.pl\/index.php?rest_route=\/wp\/v2\/product\/353"}],"collection":[{"href":"https:\/\/sklep.titinka.pl\/index.php?rest_route=\/wp\/v2\/product"}],"about":[{"href":"https:\/\/sklep.titinka.pl\/index.php?rest_route=\/wp\/v2\/types\/product"}],"wp:featuredmedia":[{"embeddable":true,"href":"https:\/\/sklep.titinka.pl\/index.php?rest_route=\/wp\/v2\/media\/355"}],"wp:attachment":[{"href":"https:\/\/sklep.titinka.pl\/index.php?rest_route=%2Fwp%2Fv2%2Fmedia&parent=353"}],"wp:term":[{"taxonomy":"product_cat","embeddable":true,"href":"https:\/\/sklep.titinka.pl\/index.php?rest_route=%2Fwp%2Fv2%2Fproduct_cat&post=353"},{"taxonomy":"product_tag","embeddable":true,"href":"https:\/\/sklep.titinka.pl\/index.php?rest_route=%2Fwp%2Fv2%2Fproduct_tag&post=353"}],"curies":[{"name":"wp","href":"https:\/\/api.w.org\/{rel}","templated":true}]}}