{"id":3075,"date":"2025-02-10T12:27:23","date_gmt":"2025-02-10T12:27:23","guid":{"rendered":"https:\/\/sklep.titinka.pl\/?post_type=product&#038;p=3075"},"modified":"2025-02-10T12:29:56","modified_gmt":"2025-02-10T12:29:56","slug":"kartka-dla-babci-i-dziadka","status":"publish","type":"product","link":"https:\/\/sklep.titinka.pl\/?product=kartka-dla-babci-i-dziadka","title":{"rendered":"Kartka dla Babci i Dziadka"},"content":{"rendered":"","protected":false},"excerpt":{"rendered":"<p>R\u0119cznie wykonana kartka na Dzie\u0144 Babci i Dziadka<br \/>\nKartka wykonana z wysokiej jako\u015bci materia\u0142\u00f3w.Do jej wykonania zosta\u0142y u\u017cyte papiery i elementy drewniane.<br \/>\nKartka jest sprzedawana w komplecie z bia\u0142\u0105 kopert\u0105.<\/p>\n<p>Kartka jest w formacie tunelowym, delikatnie si\u0119 rozk\u0142ada i dekoracje s\u0105 wewn\u0105trz<\/p>\n<p>Rozmiar 12x 12 cm<\/p>\n","protected":false},"featured_media":3076,"template":"","meta":[],"product_cat":[117,11],"product_tag":[],"_links":{"self":[{"href":"https:\/\/sklep.titinka.pl\/index.php?rest_route=\/wp\/v2\/product\/3075"}],"collection":[{"href":"https:\/\/sklep.titinka.pl\/index.php?rest_route=\/wp\/v2\/product"}],"about":[{"href":"https:\/\/sklep.titinka.pl\/index.php?rest_route=\/wp\/v2\/types\/product"}],"wp:featuredmedia":[{"embeddable":true,"href":"https:\/\/sklep.titinka.pl\/index.php?rest_route=\/wp\/v2\/media\/3076"}],"wp:attachment":[{"href":"https:\/\/sklep.titinka.pl\/index.php?rest_route=%2Fwp%2Fv2%2Fmedia&parent=3075"}],"wp:term":[{"taxonomy":"product_cat","embeddable":true,"href":"https:\/\/sklep.titinka.pl\/index.php?rest_route=%2Fwp%2Fv2%2Fproduct_cat&post=3075"},{"taxonomy":"product_tag","embeddable":true,"href":"https:\/\/sklep.titinka.pl\/index.php?rest_route=%2Fwp%2Fv2%2Fproduct_tag&post=3075"}],"curies":[{"name":"wp","href":"https:\/\/api.w.org\/{rel}","templated":true}]}}