{"id":3072,"date":"2025-02-10T12:24:20","date_gmt":"2025-02-10T12:24:20","guid":{"rendered":"https:\/\/sklep.titinka.pl\/?post_type=product&#038;p=3072"},"modified":"2025-02-10T12:26:45","modified_gmt":"2025-02-10T12:26:45","slug":"kartka-dla-taty-ii","status":"publish","type":"product","link":"https:\/\/sklep.titinka.pl\/?product=kartka-dla-taty-ii","title":{"rendered":"Kartka dla Taty II"},"content":{"rendered":"","protected":false},"excerpt":{"rendered":"<p>R\u0119cznie wykonana kartka na Dzie\u0144 Ojca<br \/>\nKartka wykonana z wysokiej jako\u015bci materia\u0142\u00f3w.Do jej wykonania zosta\u0142y u\u017cyte papiery i elementy drewniane.<br \/>\nKartka jest sprzedawana w komplecie z bia\u0142\u0105 kopert\u0105.<\/p>\n<p>Kartka jest w formacie pop- up twist &#8211; \u00a0po roz\u0142o\u017ceniu w \u015brodku otwieraj\u0105 si\u0119 dekoracyjne elementy<\/p>\n<p>Rozmiar 10,5 x 15 cm<\/p>\n","protected":false},"featured_media":3073,"template":"","meta":[],"product_cat":[117,11],"product_tag":[],"_links":{"self":[{"href":"https:\/\/sklep.titinka.pl\/index.php?rest_route=\/wp\/v2\/product\/3072"}],"collection":[{"href":"https:\/\/sklep.titinka.pl\/index.php?rest_route=\/wp\/v2\/product"}],"about":[{"href":"https:\/\/sklep.titinka.pl\/index.php?rest_route=\/wp\/v2\/types\/product"}],"wp:featuredmedia":[{"embeddable":true,"href":"https:\/\/sklep.titinka.pl\/index.php?rest_route=\/wp\/v2\/media\/3073"}],"wp:attachment":[{"href":"https:\/\/sklep.titinka.pl\/index.php?rest_route=%2Fwp%2Fv2%2Fmedia&parent=3072"}],"wp:term":[{"taxonomy":"product_cat","embeddable":true,"href":"https:\/\/sklep.titinka.pl\/index.php?rest_route=%2Fwp%2Fv2%2Fproduct_cat&post=3072"},{"taxonomy":"product_tag","embeddable":true,"href":"https:\/\/sklep.titinka.pl\/index.php?rest_route=%2Fwp%2Fv2%2Fproduct_tag&post=3072"}],"curies":[{"name":"wp","href":"https:\/\/api.w.org\/{rel}","templated":true}]}}