{"id":3035,"date":"2025-02-10T09:46:35","date_gmt":"2025-02-10T09:46:35","guid":{"rendered":"https:\/\/sklep.titinka.pl\/?post_type=product&#038;p=3035"},"modified":"2025-02-10T09:48:52","modified_gmt":"2025-02-10T09:48:52","slug":"pudeleczko-prezentowe-z-mikolajem","status":"publish","type":"product","link":"https:\/\/sklep.titinka.pl\/?product=pudeleczko-prezentowe-z-mikolajem","title":{"rendered":"Pude\u0142eczko prezentowe  z Miko\u0142ajem"},"content":{"rendered":"","protected":false},"excerpt":{"rendered":"<p>Wyj\u0105tkowe, eleganckie i stylowe pude\u0142ko prezentowe na \u015awi\u0119ta Bo\u017cego Narodzenia.<br \/>\nZosta\u0142o wykonane z wysokiej jaki\u015bci materia\u0142\u00f3w z dba\u0142o\u015bci\u0105 o najdrobniejsze szczeg\u00f3\u0142y.<\/p>\n<p>Zawiera elementy przestrzenne, do jej wykonania zosta\u0142o u\u017cyte: elementy papierowe oraz kryszta\u0142ki i wst\u0105\u017cka.<\/p>\n<p>&nbsp;<\/p>\n<p>Rozmiar 10 x 8 x 2 \u00a0cm<\/p>\n","protected":false},"featured_media":3034,"template":"","meta":[],"product_cat":[100,11],"product_tag":[182,183,184],"_links":{"self":[{"href":"https:\/\/sklep.titinka.pl\/index.php?rest_route=\/wp\/v2\/product\/3035"}],"collection":[{"href":"https:\/\/sklep.titinka.pl\/index.php?rest_route=\/wp\/v2\/product"}],"about":[{"href":"https:\/\/sklep.titinka.pl\/index.php?rest_route=\/wp\/v2\/types\/product"}],"wp:featuredmedia":[{"embeddable":true,"href":"https:\/\/sklep.titinka.pl\/index.php?rest_route=\/wp\/v2\/media\/3034"}],"wp:attachment":[{"href":"https:\/\/sklep.titinka.pl\/index.php?rest_route=%2Fwp%2Fv2%2Fmedia&parent=3035"}],"wp:term":[{"taxonomy":"product_cat","embeddable":true,"href":"https:\/\/sklep.titinka.pl\/index.php?rest_route=%2Fwp%2Fv2%2Fproduct_cat&post=3035"},{"taxonomy":"product_tag","embeddable":true,"href":"https:\/\/sklep.titinka.pl\/index.php?rest_route=%2Fwp%2Fv2%2Fproduct_tag&post=3035"}],"curies":[{"name":"wp","href":"https:\/\/api.w.org\/{rel}","templated":true}]}}