{"id":3019,"date":"2025-02-10T08:54:02","date_gmt":"2025-02-10T08:54:02","guid":{"rendered":"https:\/\/sklep.titinka.pl\/?post_type=product&#038;p=3019"},"modified":"2025-02-10T09:10:52","modified_gmt":"2025-02-10T09:10:52","slug":"kartka-swiateczna-ze-swiecami-kopia","status":"publish","type":"product","link":"https:\/\/sklep.titinka.pl\/?product=kartka-swiateczna-ze-swiecami-kopia","title":{"rendered":"Kartka \u015bwi\u0105teczna z Miko\u0142ajem"},"content":{"rendered":"","protected":false},"excerpt":{"rendered":"<p>Wyj\u0105tkowa, elegancka i stylowa kartka na \u015awi\u0119ta Bo\u017cego Narodzenia.<br \/>\nG\u0142\u00f3wnym motywem kartki jest \u015bwi\u0119ty Miko\u0142aj w nietypowej niebieskiej kolorystyce.<br \/>\nKartka zosta\u0142a wykonana z wysokiej jaki\u015bci materia\u0142\u00f3w z dba\u0142o\u015bci\u0105 o najdrobniejsze szczeg\u00f3\u0142y.<\/p>\n<p>Zawiera elementy przestrzenne, do jej wykonania zosta\u0142o u\u017cyte: elementy papierowe, pere\u0142ki i wst\u0105\u017ck\u0119 satynow\u0105.<\/p>\n<p>Jest sprzedawana w komplecie z kopert\u0105.<\/p>\n<p>Rozmiar 13 x 13 \u00a0cm<\/p>\n","protected":false},"featured_media":3020,"template":"","meta":[],"product_cat":[100,11],"product_tag":[182,183,184],"_links":{"self":[{"href":"https:\/\/sklep.titinka.pl\/index.php?rest_route=\/wp\/v2\/product\/3019"}],"collection":[{"href":"https:\/\/sklep.titinka.pl\/index.php?rest_route=\/wp\/v2\/product"}],"about":[{"href":"https:\/\/sklep.titinka.pl\/index.php?rest_route=\/wp\/v2\/types\/product"}],"wp:featuredmedia":[{"embeddable":true,"href":"https:\/\/sklep.titinka.pl\/index.php?rest_route=\/wp\/v2\/media\/3020"}],"wp:attachment":[{"href":"https:\/\/sklep.titinka.pl\/index.php?rest_route=%2Fwp%2Fv2%2Fmedia&parent=3019"}],"wp:term":[{"taxonomy":"product_cat","embeddable":true,"href":"https:\/\/sklep.titinka.pl\/index.php?rest_route=%2Fwp%2Fv2%2Fproduct_cat&post=3019"},{"taxonomy":"product_tag","embeddable":true,"href":"https:\/\/sklep.titinka.pl\/index.php?rest_route=%2Fwp%2Fv2%2Fproduct_tag&post=3019"}],"curies":[{"name":"wp","href":"https:\/\/api.w.org\/{rel}","templated":true}]}}