{"id":3011,"date":"2025-02-09T23:41:49","date_gmt":"2025-02-09T23:41:49","guid":{"rendered":"https:\/\/sklep.titinka.pl\/?post_type=product&#038;p=3011"},"modified":"2025-02-09T23:44:01","modified_gmt":"2025-02-09T23:44:01","slug":"kartka-swiateczna-z-matka-boza-kopia","status":"publish","type":"product","link":"https:\/\/sklep.titinka.pl\/?product=kartka-swiateczna-z-matka-boza-kopia","title":{"rendered":"Kartka \u015bwi\u0105teczna z Choink\u0105 I"},"content":{"rendered":"","protected":false},"excerpt":{"rendered":"<p>Wyj\u0105tkowa, elegancka i stylowa kartka na \u015awi\u0119ta Bo\u017cego Narodzenia.<br \/>\nG\u0142\u00f3wnym motywem kartki jest choinka<br \/>\nKartka jest w be\u017cowej kolorystyce.<\/p>\n<p>Zosta\u0142a wykonana z wysokiej jaki\u015bci materia\u0142\u00f3w\u00a0z dba\u0142o\u015bci\u0105 o najdrobniejsze szczeg\u00f3\u0142y.<br \/>\nZawiera elementy przestrzenne, do jej wykonania zosta\u0142o u\u017cyte: elementy papierowe, drewniane i \u00a0satynowa wst\u0105\u017cka.<\/p>\n<p>Jest sprzedawana w komplecie z kopert\u0105.<\/p>\n<p>Rozmiar 10,5 x 15 \u00a0cm<\/p>\n","protected":false},"featured_media":3012,"template":"","meta":[],"product_cat":[100,11],"product_tag":[182,183,184],"_links":{"self":[{"href":"https:\/\/sklep.titinka.pl\/index.php?rest_route=\/wp\/v2\/product\/3011"}],"collection":[{"href":"https:\/\/sklep.titinka.pl\/index.php?rest_route=\/wp\/v2\/product"}],"about":[{"href":"https:\/\/sklep.titinka.pl\/index.php?rest_route=\/wp\/v2\/types\/product"}],"wp:featuredmedia":[{"embeddable":true,"href":"https:\/\/sklep.titinka.pl\/index.php?rest_route=\/wp\/v2\/media\/3012"}],"wp:attachment":[{"href":"https:\/\/sklep.titinka.pl\/index.php?rest_route=%2Fwp%2Fv2%2Fmedia&parent=3011"}],"wp:term":[{"taxonomy":"product_cat","embeddable":true,"href":"https:\/\/sklep.titinka.pl\/index.php?rest_route=%2Fwp%2Fv2%2Fproduct_cat&post=3011"},{"taxonomy":"product_tag","embeddable":true,"href":"https:\/\/sklep.titinka.pl\/index.php?rest_route=%2Fwp%2Fv2%2Fproduct_tag&post=3011"}],"curies":[{"name":"wp","href":"https:\/\/api.w.org\/{rel}","templated":true}]}}