{"id":2970,"date":"2025-02-09T22:46:50","date_gmt":"2025-02-09T22:46:50","guid":{"rendered":"https:\/\/sklep.titinka.pl\/?post_type=product&#038;p=2970"},"modified":"2025-02-09T22:51:28","modified_gmt":"2025-02-09T22:51:28","slug":"czekoladownik-z-zajaczkami","status":"publish","type":"product","link":"https:\/\/sklep.titinka.pl\/?product=czekoladownik-z-zajaczkami","title":{"rendered":"Czekoladownik z zaj\u0105czkami"},"content":{"rendered":"","protected":false},"excerpt":{"rendered":"<p>Uroczy czekoladownik z motywem zakochanych zaj\u0105czk\u00f3w<br \/>\nSprawdzi si\u0119 na \u015blub lub walentynki<br \/>\nZosta\u0142 wykonana z wysokiej jaki\u015bci materia\u0142\u00f3w z dba\u0142o\u015bci\u0105 o najdrobniejsze szczeg\u00f3\u0142y.<br \/>\nZawiera elementy przestrzenne.<\/p>\n<p>Jest \u015bwietnym sposobem do wr\u0119czenia s\u0142odkiego upominku.<br \/>\nZmie\u015bci czekolad\u0119 Rittersport lub Studentk\u0105.<\/p>\n<p>Rozmiar 10 x 10 cm<\/p>\n","protected":false},"featured_media":2971,"template":"","meta":[],"product_cat":[11,13,104],"product_tag":[178,122,121,125,176,177,144],"_links":{"self":[{"href":"https:\/\/sklep.titinka.pl\/index.php?rest_route=\/wp\/v2\/product\/2970"}],"collection":[{"href":"https:\/\/sklep.titinka.pl\/index.php?rest_route=\/wp\/v2\/product"}],"about":[{"href":"https:\/\/sklep.titinka.pl\/index.php?rest_route=\/wp\/v2\/types\/product"}],"wp:featuredmedia":[{"embeddable":true,"href":"https:\/\/sklep.titinka.pl\/index.php?rest_route=\/wp\/v2\/media\/2971"}],"wp:attachment":[{"href":"https:\/\/sklep.titinka.pl\/index.php?rest_route=%2Fwp%2Fv2%2Fmedia&parent=2970"}],"wp:term":[{"taxonomy":"product_cat","embeddable":true,"href":"https:\/\/sklep.titinka.pl\/index.php?rest_route=%2Fwp%2Fv2%2Fproduct_cat&post=2970"},{"taxonomy":"product_tag","embeddable":true,"href":"https:\/\/sklep.titinka.pl\/index.php?rest_route=%2Fwp%2Fv2%2Fproduct_tag&post=2970"}],"curies":[{"name":"wp","href":"https:\/\/api.w.org\/{rel}","templated":true}]}}