{"id":2967,"date":"2025-02-09T22:40:46","date_gmt":"2025-02-09T22:40:46","guid":{"rendered":"https:\/\/sklep.titinka.pl\/?post_type=product&#038;p=2967"},"modified":"2025-02-09T22:46:33","modified_gmt":"2025-02-09T22:46:33","slug":"kartka-serce","status":"publish","type":"product","link":"https:\/\/sklep.titinka.pl\/?product=kartka-serce","title":{"rendered":"Kartka serce"},"content":{"rendered":"","protected":false},"excerpt":{"rendered":"<p>Elegancka kartka w kszta\u0142cie serca, z napisem LOVE i motywem uroczych zaj\u0105czk\u00f3w.<br \/>\nSprawdzi si\u0119 na \u015blub lub walentynki<br \/>\nZosta\u0142a wykonana z wysokiej jaki\u015bci materia\u0142\u00f3w\u00a0z dba\u0142o\u015bci\u0105 o najdrobniejsze szczeg\u00f3\u0142y.<br \/>\nZawiera elementy przestrzenne. Na \u015brodku kartki znajduje si\u0119 shaker box &#8211; \u00a0okienko z przesypuj\u0105cymi si\u0119 cekinami.<br \/>\nDo jej wykonania zosta\u0142y u\u017cyte papiery, papierowe kwiaty, elementy drewniane, sznurek, koronka i cekiny.<\/p>\n<p>&nbsp;<\/p>\n<p>Jest sprzedawana w komplecie z kopert\u0105.<\/p>\n<p>Rozmiar 15 x 15 cm<\/p>\n","protected":false},"featured_media":2968,"template":"","meta":[],"product_cat":[11,13,104],"product_tag":[122,121,125,176,177],"_links":{"self":[{"href":"https:\/\/sklep.titinka.pl\/index.php?rest_route=\/wp\/v2\/product\/2967"}],"collection":[{"href":"https:\/\/sklep.titinka.pl\/index.php?rest_route=\/wp\/v2\/product"}],"about":[{"href":"https:\/\/sklep.titinka.pl\/index.php?rest_route=\/wp\/v2\/types\/product"}],"wp:featuredmedia":[{"embeddable":true,"href":"https:\/\/sklep.titinka.pl\/index.php?rest_route=\/wp\/v2\/media\/2968"}],"wp:attachment":[{"href":"https:\/\/sklep.titinka.pl\/index.php?rest_route=%2Fwp%2Fv2%2Fmedia&parent=2967"}],"wp:term":[{"taxonomy":"product_cat","embeddable":true,"href":"https:\/\/sklep.titinka.pl\/index.php?rest_route=%2Fwp%2Fv2%2Fproduct_cat&post=2967"},{"taxonomy":"product_tag","embeddable":true,"href":"https:\/\/sklep.titinka.pl\/index.php?rest_route=%2Fwp%2Fv2%2Fproduct_tag&post=2967"}],"curies":[{"name":"wp","href":"https:\/\/api.w.org\/{rel}","templated":true}]}}