{"id":2953,"date":"2025-02-09T13:07:50","date_gmt":"2025-02-09T13:07:50","guid":{"rendered":"https:\/\/sklep.titinka.pl\/?post_type=product&#038;p=2953"},"modified":"2025-02-09T13:10:37","modified_gmt":"2025-02-09T13:10:37","slug":"kartka-dla-kaplana-lub-na-pierwsza-komunie","status":"publish","type":"product","link":"https:\/\/sklep.titinka.pl\/?product=kartka-dla-kaplana-lub-na-pierwsza-komunie","title":{"rendered":"Kartka dla Kap\u0142ana lub na Pierwsz\u0105 Komuni\u0119"},"content":{"rendered":"","protected":false},"excerpt":{"rendered":"<p>Wyj\u0105tkowa, r\u0119cznie wykonana kartka dla Kap\u0142ana lub na Pierwsz\u0105 Komuni\u0119 \u015awi\u0119t\u0105<br \/>\nNa kartce znajduje si\u0119 grafika ze z\u0142otym kielichem otoczona li\u015b\u0107mi<\/p>\n<p>Kartka zosta\u0142a wykonana z dba\u0142o\u015bci\u0105 o najdrobniejsze szczeg\u00f3\u0142y, b\u0119dzie pi\u0119kn\u0105 pami\u0105tk\u0105 i opraw\u0105 dla Waszych \u017cycze\u0144.<br \/>\nDo jej wykonania zosta\u0142y u\u017cyte wysokiej jako\u015bci papiery, papierowy kwiatek i sznureczek.<\/p>\n<p>Kartka jest sprzedawana w komplecie z dopasowan\u0105 kopert\u0105.<\/p>\n<p>Kartka nie zawiera \u017cycze\u0144.<\/p>\n<p>Rozmiar 13 x 13 cm<\/p>\n","protected":false},"featured_media":2954,"template":"","meta":[],"product_cat":[111,58],"product_tag":[153,155,157,156,154,158],"_links":{"self":[{"href":"https:\/\/sklep.titinka.pl\/index.php?rest_route=\/wp\/v2\/product\/2953"}],"collection":[{"href":"https:\/\/sklep.titinka.pl\/index.php?rest_route=\/wp\/v2\/product"}],"about":[{"href":"https:\/\/sklep.titinka.pl\/index.php?rest_route=\/wp\/v2\/types\/product"}],"wp:featuredmedia":[{"embeddable":true,"href":"https:\/\/sklep.titinka.pl\/index.php?rest_route=\/wp\/v2\/media\/2954"}],"wp:attachment":[{"href":"https:\/\/sklep.titinka.pl\/index.php?rest_route=%2Fwp%2Fv2%2Fmedia&parent=2953"}],"wp:term":[{"taxonomy":"product_cat","embeddable":true,"href":"https:\/\/sklep.titinka.pl\/index.php?rest_route=%2Fwp%2Fv2%2Fproduct_cat&post=2953"},{"taxonomy":"product_tag","embeddable":true,"href":"https:\/\/sklep.titinka.pl\/index.php?rest_route=%2Fwp%2Fv2%2Fproduct_tag&post=2953"}],"curies":[{"name":"wp","href":"https:\/\/api.w.org\/{rel}","templated":true}]}}