{"id":2948,"date":"2025-02-09T12:52:04","date_gmt":"2025-02-09T12:52:04","guid":{"rendered":"https:\/\/sklep.titinka.pl\/?post_type=product&#038;p=2948"},"modified":"2025-02-09T12:53:39","modified_gmt":"2025-02-09T12:53:39","slug":"maly-aniolek-wersja-fioletowa","status":"publish","type":"product","link":"https:\/\/sklep.titinka.pl\/?product=maly-aniolek-wersja-fioletowa","title":{"rendered":"Ma\u0142y Anio\u0142ek &#8211; wersja fioletowa"},"content":{"rendered":"","protected":false},"excerpt":{"rendered":"<p>Skromna, delikatna i elegancka kartka na chrzest z motywem anio\u0142ka.<br \/>\nKartka zosta\u0142a wykonana r\u0119cznie z wysokiej jako\u015bci materia\u0142\u00f3w, do dekoracji kartki zosta\u0142y u\u017cyte male\u0144kie pere\u0142ki i wst\u0105\u017cka.\u00a0B\u0119dzie pi\u0119kn\u0105 opraw\u0105 do Waszych \u017cycze\u0144 na chrzest i mi\u0142\u0105 pami\u0105tk\u0105 na lata.<\/p>\n<p>Kartka jest w kolorze fioletowym<\/p>\n<p>Kartka jest sprzedawana w komplecie z kopert\u0105.<br \/>\nKartka nie zawiera \u017cycze\u0144<\/p>\n<p>Rozmiar 13 x 13 cm<\/p>\n","protected":false},"featured_media":1392,"template":"","meta":[],"product_cat":[29,11],"product_tag":[],"_links":{"self":[{"href":"https:\/\/sklep.titinka.pl\/index.php?rest_route=\/wp\/v2\/product\/2948"}],"collection":[{"href":"https:\/\/sklep.titinka.pl\/index.php?rest_route=\/wp\/v2\/product"}],"about":[{"href":"https:\/\/sklep.titinka.pl\/index.php?rest_route=\/wp\/v2\/types\/product"}],"wp:featuredmedia":[{"embeddable":true,"href":"https:\/\/sklep.titinka.pl\/index.php?rest_route=\/wp\/v2\/media\/1392"}],"wp:attachment":[{"href":"https:\/\/sklep.titinka.pl\/index.php?rest_route=%2Fwp%2Fv2%2Fmedia&parent=2948"}],"wp:term":[{"taxonomy":"product_cat","embeddable":true,"href":"https:\/\/sklep.titinka.pl\/index.php?rest_route=%2Fwp%2Fv2%2Fproduct_cat&post=2948"},{"taxonomy":"product_tag","embeddable":true,"href":"https:\/\/sklep.titinka.pl\/index.php?rest_route=%2Fwp%2Fv2%2Fproduct_tag&post=2948"}],"curies":[{"name":"wp","href":"https:\/\/api.w.org\/{rel}","templated":true}]}}