{"id":2907,"date":"2025-02-09T12:58:23","date_gmt":"2025-02-09T12:58:23","guid":{"rendered":"https:\/\/sklep.titinka.pl\/?post_type=product&#038;p=2907"},"modified":"2025-02-09T12:58:24","modified_gmt":"2025-02-09T12:58:24","slug":"pamiatka-swiecen-kaplanskich-hostia","status":"publish","type":"product","link":"https:\/\/sklep.titinka.pl\/?product=pamiatka-swiecen-kaplanskich-hostia","title":{"rendered":"Pami\u0105tka \u015awi\u0119ce\u0144 Kap\u0142a\u0144skich- Hostia"},"content":{"rendered":"","protected":false},"excerpt":{"rendered":"<p>Wyj\u0105tkowa, r\u0119cznie wykonana kartka z okazji \u015awi\u0119ce\u0144 Kap\u0142a\u0144skich. Kartka jest w kremowo- be\u017cowej kolorystyce.<br \/>\nNa kartce znajduje si\u0119 delikatna grafika z Hosti\u0105 i motywem kwiatowym.<br \/>\nKartka zosta\u0142a wykonana z dba\u0142o\u015bci\u0105 o najdrobniejsze szczeg\u00f3\u0142y, b\u0119dzie pi\u0119kn\u0105 pami\u0105tk\u0105 i opraw\u0105 dla Waszych \u017cycze\u0144.<br \/>\nDo jej wykonania zosta\u0142y u\u017cyte wysokiej jako\u015bci papiery, papierowe kwiaty i sznureczek.<\/p>\n<p>Kartka jest sprzedawana w komplecie z dopasowan\u0105 kopert\u0105.<\/p>\n<p>Kartka nie zawiera \u017cycze\u0144.<\/p>\n<p>Rozmiar 13 x 13 cm<\/p>\n","protected":false},"featured_media":2878,"template":"","meta":[],"product_cat":[111],"product_tag":[153,155,157,156,154,158],"_links":{"self":[{"href":"https:\/\/sklep.titinka.pl\/index.php?rest_route=\/wp\/v2\/product\/2907"}],"collection":[{"href":"https:\/\/sklep.titinka.pl\/index.php?rest_route=\/wp\/v2\/product"}],"about":[{"href":"https:\/\/sklep.titinka.pl\/index.php?rest_route=\/wp\/v2\/types\/product"}],"wp:featuredmedia":[{"embeddable":true,"href":"https:\/\/sklep.titinka.pl\/index.php?rest_route=\/wp\/v2\/media\/2878"}],"wp:attachment":[{"href":"https:\/\/sklep.titinka.pl\/index.php?rest_route=%2Fwp%2Fv2%2Fmedia&parent=2907"}],"wp:term":[{"taxonomy":"product_cat","embeddable":true,"href":"https:\/\/sklep.titinka.pl\/index.php?rest_route=%2Fwp%2Fv2%2Fproduct_cat&post=2907"},{"taxonomy":"product_tag","embeddable":true,"href":"https:\/\/sklep.titinka.pl\/index.php?rest_route=%2Fwp%2Fv2%2Fproduct_tag&post=2907"}],"curies":[{"name":"wp","href":"https:\/\/api.w.org\/{rel}","templated":true}]}}