{"id":2619,"date":"2025-02-09T13:05:21","date_gmt":"2025-02-09T13:05:21","guid":{"rendered":"https:\/\/sklep.titinka.pl\/?post_type=product&#038;p=2619"},"modified":"2025-02-09T13:05:25","modified_gmt":"2025-02-09T13:05:25","slug":"kartka-swiateczna-z-malym-mikolajkiem-bezowa","status":"publish","type":"product","link":"https:\/\/sklep.titinka.pl\/?product=kartka-swiateczna-z-malym-mikolajkiem-bezowa","title":{"rendered":"Kartka \u015bwi\u0105teczna z ma\u0142ym Miko\u0142ajkiem &#8211; be\u017cowa"},"content":{"rendered":"","protected":false},"excerpt":{"rendered":"<p>Wyj\u0105tkowa, elegancka i stylowa kartka na \u015awi\u0119ta Bo\u017cego Narodzenia.<br \/>\nG\u0142\u00f3wnym elementem kartki jest weso\u0142y Miko\u0142ajek. \u00a0 Kartka jest w be\u017cowo- czerwonej kolorystyce.<br \/>\nZosta\u0142a wykonana z wysokiej jaki\u015bci materia\u0142\u00f3w\u00a0z dba\u0142o\u015bci\u0105 o najdrobniejsze szczeg\u00f3\u0142y.<br \/>\nZawiera elementy przestrzenne, do jej wykonania zosta\u0142o u\u017cyte, elementy papierowe, drewniane,\u00a0male\u0144kie kryszta\u0142ki, oraz r\u0119cznie wykonane poisencje z delikatnej pianki (foairanu).<br \/>\nB\u0119dzie pi\u0119kn\u0105 opraw\u0105 do \u017cycze\u0144 dla Waszych bliskich.<\/p>\n<p>Jest sprzedawana w komplecie z kopert\u0105.<\/p>\n<p>Rozmiar 13 x 13 \u00a0cm<\/p>\n","protected":false},"featured_media":2618,"template":"","meta":[],"product_cat":[100,11],"product_tag":[],"_links":{"self":[{"href":"https:\/\/sklep.titinka.pl\/index.php?rest_route=\/wp\/v2\/product\/2619"}],"collection":[{"href":"https:\/\/sklep.titinka.pl\/index.php?rest_route=\/wp\/v2\/product"}],"about":[{"href":"https:\/\/sklep.titinka.pl\/index.php?rest_route=\/wp\/v2\/types\/product"}],"wp:featuredmedia":[{"embeddable":true,"href":"https:\/\/sklep.titinka.pl\/index.php?rest_route=\/wp\/v2\/media\/2618"}],"wp:attachment":[{"href":"https:\/\/sklep.titinka.pl\/index.php?rest_route=%2Fwp%2Fv2%2Fmedia&parent=2619"}],"wp:term":[{"taxonomy":"product_cat","embeddable":true,"href":"https:\/\/sklep.titinka.pl\/index.php?rest_route=%2Fwp%2Fv2%2Fproduct_cat&post=2619"},{"taxonomy":"product_tag","embeddable":true,"href":"https:\/\/sklep.titinka.pl\/index.php?rest_route=%2Fwp%2Fv2%2Fproduct_tag&post=2619"}],"curies":[{"name":"wp","href":"https:\/\/api.w.org\/{rel}","templated":true}]}}