{"id":2605,"date":"2025-02-09T11:48:13","date_gmt":"2025-02-09T11:48:13","guid":{"rendered":"https:\/\/sklep.titinka.pl\/?post_type=product&#038;p=2605"},"modified":"2025-02-09T11:48:13","modified_gmt":"2025-02-09T11:48:13","slug":"kartka-z-sercem-spinner","status":"publish","type":"product","link":"https:\/\/sklep.titinka.pl\/?product=kartka-z-sercem-spinner","title":{"rendered":"Kartka z sercem &#8211; spinner!"},"content":{"rendered":"","protected":false},"excerpt":{"rendered":"<p>Podaruj Ukochanej osobie niezapomnian\u0105 kartk\u0119.<\/p>\n<p>Wyj\u0105tkowa, r\u0119cznie wykonana kartka ze spinnerm &#8211; czyli serduszkiem, kt\u00f3re kr\u0119ci si\u0119 podczas otwierania kartki!<br \/>\nZosta\u0142a\u00a0wykonana z najwy\u017cszej jako\u015bci materia\u0142\u00f3w takich jak, papiery, elementy tekturowe i pere\u0142ki.<br \/>\nB\u0119dzie idealnym prezentem na Walentynki lub \u015blub. Na pewno zrobi wra\u017cenie i na d\u0142ugo zostanie w pami\u0119ci osoby obdarowanej.<br \/>\nIstnieje mo\u017cliwo\u015b\u0107 dodania osobistej dedykacji w \u015brodku!<\/p>\n<p>Rozmiar 13 x 13 cm<\/p>\n<p>Kartka jest sprzedawana w komplecie z kopert\u0105.<br \/>\nPrzed w\u0142o\u017ceniem do koperty serduszko nale\u017cy &#8222;nakr\u0119ci\u0107&#8221;<\/p>\n","protected":false},"featured_media":2607,"template":"","meta":[],"product_cat":[11,13,104],"product_tag":[143,142,150,149,148,145,144,146,147],"_links":{"self":[{"href":"https:\/\/sklep.titinka.pl\/index.php?rest_route=\/wp\/v2\/product\/2605"}],"collection":[{"href":"https:\/\/sklep.titinka.pl\/index.php?rest_route=\/wp\/v2\/product"}],"about":[{"href":"https:\/\/sklep.titinka.pl\/index.php?rest_route=\/wp\/v2\/types\/product"}],"wp:featuredmedia":[{"embeddable":true,"href":"https:\/\/sklep.titinka.pl\/index.php?rest_route=\/wp\/v2\/media\/2607"}],"wp:attachment":[{"href":"https:\/\/sklep.titinka.pl\/index.php?rest_route=%2Fwp%2Fv2%2Fmedia&parent=2605"}],"wp:term":[{"taxonomy":"product_cat","embeddable":true,"href":"https:\/\/sklep.titinka.pl\/index.php?rest_route=%2Fwp%2Fv2%2Fproduct_cat&post=2605"},{"taxonomy":"product_tag","embeddable":true,"href":"https:\/\/sklep.titinka.pl\/index.php?rest_route=%2Fwp%2Fv2%2Fproduct_tag&post=2605"}],"curies":[{"name":"wp","href":"https:\/\/api.w.org\/{rel}","templated":true}]}}