{"id":2516,"date":"2021-11-13T20:57:24","date_gmt":"2021-11-13T20:57:24","guid":{"rendered":"https:\/\/sklep.titinka.pl\/?post_type=product&#038;p=2516"},"modified":"2025-02-09T11:50:47","modified_gmt":"2025-02-09T11:50:47","slug":"kartka-na-slub-w-jesiennym-klimacie","status":"publish","type":"product","link":"https:\/\/sklep.titinka.pl\/?product=kartka-na-slub-w-jesiennym-klimacie","title":{"rendered":"Kartka na \u015blub w jesiennym klimacie"},"content":{"rendered":"","protected":false},"excerpt":{"rendered":"<p>Wyj\u0105tkowa, r\u0119cznie wykonana kartka na \u015blub w le\u015bnym klimacie.<br \/>\nNa kartce znajduje si\u0119 m\u0142oda para otoczona le\u015bnymi zwierz\u0119tami.<br \/>\nKartka zosta\u0142a wykonana z dba\u0142o\u015bci\u0105 o najdrobniejsze szczeg\u00f3\u0142y, b\u0119dzie pi\u0119kn\u0105 pami\u0105tk\u0105 i opraw\u0105 dla Waszych \u017cycze\u0144. \u015awietnie sprawdzi si\u0119 na uroczysto\u015bci w rustykalnym stylu i dla mi\u0142o\u015bnik\u00f3w zwierz\u0105t.<br \/>\nDo jej wykonania zosta\u0142y u\u017cyte wysokiej jako\u015bci papiery, elementy drewniane oraz pere\u0142ki.<\/p>\n<p>Kartka jest sprzedawana w komplecie z dopasowan\u0105 kopert\u0105.<\/p>\n<p>Kartka nie zawiera \u017cycze\u0144.<\/p>\n<p style=\"text-align: left;\">Rozmiar 13 x 13 cm<\/p>\n","protected":false},"featured_media":2517,"template":"","meta":[],"product_cat":[11,13],"product_tag":[20,122,121,125,123,124],"_links":{"self":[{"href":"https:\/\/sklep.titinka.pl\/index.php?rest_route=\/wp\/v2\/product\/2516"}],"collection":[{"href":"https:\/\/sklep.titinka.pl\/index.php?rest_route=\/wp\/v2\/product"}],"about":[{"href":"https:\/\/sklep.titinka.pl\/index.php?rest_route=\/wp\/v2\/types\/product"}],"wp:featuredmedia":[{"embeddable":true,"href":"https:\/\/sklep.titinka.pl\/index.php?rest_route=\/wp\/v2\/media\/2517"}],"wp:attachment":[{"href":"https:\/\/sklep.titinka.pl\/index.php?rest_route=%2Fwp%2Fv2%2Fmedia&parent=2516"}],"wp:term":[{"taxonomy":"product_cat","embeddable":true,"href":"https:\/\/sklep.titinka.pl\/index.php?rest_route=%2Fwp%2Fv2%2Fproduct_cat&post=2516"},{"taxonomy":"product_tag","embeddable":true,"href":"https:\/\/sklep.titinka.pl\/index.php?rest_route=%2Fwp%2Fv2%2Fproduct_tag&post=2516"}],"curies":[{"name":"wp","href":"https:\/\/api.w.org\/{rel}","templated":true}]}}