{"id":2240,"date":"2025-02-09T12:29:40","date_gmt":"2025-02-09T12:29:40","guid":{"rendered":"https:\/\/sklep.titinka.pl\/?post_type=product&#038;p=2240"},"modified":"2025-02-09T12:29:40","modified_gmt":"2025-02-09T12:29:40","slug":"kartkadziekujemy-pani","status":"publish","type":"product","link":"https:\/\/sklep.titinka.pl\/?product=kartkadziekujemy-pani","title":{"rendered":"Kartka&#8221;Dzi\u0119kujemy Pani&#8221;"},"content":{"rendered":"","protected":false},"excerpt":{"rendered":"<p>Kartka &#8222;Dzi\u0119kujemy Pani&#8221; \u015bwietnie sprawdzi si\u0119 jako podzi\u0119kowanie na zako\u0144czenie roku szkolnego lub prezent na Dzie\u0144 Nauczyciela.<br \/>\nKartka zosta\u0142a wykonana r\u0119cznie\u00a0z wysokiej jaki\u015bci materia\u0142\u00f3w i z dba\u0142o\u015bci\u0105 o najdrobniejsze szczeg\u00f3\u0142y.<br \/>\nKartka jest zachowana w r\u00f3\u017cowej kolorystyce.<br \/>\nZawiera elementy przestrzenne -kwiaty i li\u015bcie.<\/p>\n<p>B\u0119dzie pi\u0119kn\u0105 pami\u0105tk\u0105 na lata.<\/p>\n<p>Rozmiar: 13 x x13 cm<\/p>\n","protected":false},"featured_media":2242,"template":"","meta":[],"product_cat":[114,11],"product_tag":[],"_links":{"self":[{"href":"https:\/\/sklep.titinka.pl\/index.php?rest_route=\/wp\/v2\/product\/2240"}],"collection":[{"href":"https:\/\/sklep.titinka.pl\/index.php?rest_route=\/wp\/v2\/product"}],"about":[{"href":"https:\/\/sklep.titinka.pl\/index.php?rest_route=\/wp\/v2\/types\/product"}],"wp:featuredmedia":[{"embeddable":true,"href":"https:\/\/sklep.titinka.pl\/index.php?rest_route=\/wp\/v2\/media\/2242"}],"wp:attachment":[{"href":"https:\/\/sklep.titinka.pl\/index.php?rest_route=%2Fwp%2Fv2%2Fmedia&parent=2240"}],"wp:term":[{"taxonomy":"product_cat","embeddable":true,"href":"https:\/\/sklep.titinka.pl\/index.php?rest_route=%2Fwp%2Fv2%2Fproduct_cat&post=2240"},{"taxonomy":"product_tag","embeddable":true,"href":"https:\/\/sklep.titinka.pl\/index.php?rest_route=%2Fwp%2Fv2%2Fproduct_tag&post=2240"}],"curies":[{"name":"wp","href":"https:\/\/api.w.org\/{rel}","templated":true}]}}