{"id":2190,"date":"2025-02-09T10:28:13","date_gmt":"2025-02-09T10:28:13","guid":{"rendered":"https:\/\/sklep.titinka.pl\/?post_type=product&#038;p=2190"},"modified":"2025-02-09T10:28:13","modified_gmt":"2025-02-09T10:28:13","slug":"glebia-fioletu-kolczyki-soutache","status":"publish","type":"product","link":"https:\/\/sklep.titinka.pl\/?product=glebia-fioletu-kolczyki-soutache","title":{"rendered":"&#8222;G\u0142\u0119bia fioletu&#8221; &#8211; kolczyki soutache"},"content":{"rendered":"","protected":false},"excerpt":{"rendered":"<p>Stylowe kolczyki z chwostami.<\/p>\n<p>Zosta\u0142y wykonane r\u0119cznie, metod\u0105 haftu soutache\u00a0z wykorzystaniem kamieni &#8222;kocie oko&#8221; i drobnych szklanych koralik\u00f3w toho.<br \/>\n\u015awietnie sprawdz\u0105 si\u0119 jako niebanalny dodatek do wiosennych i letnich stylizacji.<\/p>\n<p>Kolczyki s\u0105 w kolorze fioletowym.<\/p>\n<p>Zawieszone na srebrnym zapinanym biglu.<\/p>\n<p>D\u0142ugo\u015b\u0107 z biglem 13,5 cm.<\/p>\n","protected":false},"featured_media":2191,"template":"","meta":[],"product_cat":[7,9],"product_tag":[76,75,74,71,73,72],"_links":{"self":[{"href":"https:\/\/sklep.titinka.pl\/index.php?rest_route=\/wp\/v2\/product\/2190"}],"collection":[{"href":"https:\/\/sklep.titinka.pl\/index.php?rest_route=\/wp\/v2\/product"}],"about":[{"href":"https:\/\/sklep.titinka.pl\/index.php?rest_route=\/wp\/v2\/types\/product"}],"wp:featuredmedia":[{"embeddable":true,"href":"https:\/\/sklep.titinka.pl\/index.php?rest_route=\/wp\/v2\/media\/2191"}],"wp:attachment":[{"href":"https:\/\/sklep.titinka.pl\/index.php?rest_route=%2Fwp%2Fv2%2Fmedia&parent=2190"}],"wp:term":[{"taxonomy":"product_cat","embeddable":true,"href":"https:\/\/sklep.titinka.pl\/index.php?rest_route=%2Fwp%2Fv2%2Fproduct_cat&post=2190"},{"taxonomy":"product_tag","embeddable":true,"href":"https:\/\/sklep.titinka.pl\/index.php?rest_route=%2Fwp%2Fv2%2Fproduct_tag&post=2190"}],"curies":[{"name":"wp","href":"https:\/\/api.w.org\/{rel}","templated":true}]}}