{"id":2023,"date":"2025-02-09T13:02:32","date_gmt":"2025-02-09T13:02:32","guid":{"rendered":"https:\/\/sklep.titinka.pl\/?post_type=product&#038;p=2023"},"modified":"2025-02-09T13:02:32","modified_gmt":"2025-02-09T13:02:32","slug":"kartka-swiateczna-renifer-rustykalny","status":"publish","type":"product","link":"https:\/\/sklep.titinka.pl\/?product=kartka-swiateczna-renifer-rustykalny","title":{"rendered":"Kartka \u015bwi\u0105teczna &#8211; Renifer (rustykalny)"},"content":{"rendered":"","protected":false},"excerpt":{"rendered":"<p>Weso\u0142a i stylowa kartka na \u015awi\u0119ta Bo\u017cego Narodzenia z motywem renifera.<br \/>\nKartka zosta\u0142a wykonana w modnym stylu rustykalnym.<br \/>\nZosta\u0142a wykonana z wysokiej jaki\u015bci materia\u0142\u00f3w\u00a0z dba\u0142o\u015bci\u0105 o najdrobniejsze szczeg\u00f3\u0142y.<br \/>\nZawiera elementy przestrzenne.<br \/>\nB\u0119dzie pi\u0119kn\u0105 opraw\u0105 do \u017cycze\u0144 dla Waszych bliskich.<\/p>\n<p>Jest sprzedawana w komplecie z kopert\u0105.<\/p>\n<p>Rozmiar 13 x 13 \u00a0cm<\/p>\n","protected":false},"featured_media":2025,"template":"","meta":[],"product_cat":[100,11],"product_tag":[],"_links":{"self":[{"href":"https:\/\/sklep.titinka.pl\/index.php?rest_route=\/wp\/v2\/product\/2023"}],"collection":[{"href":"https:\/\/sklep.titinka.pl\/index.php?rest_route=\/wp\/v2\/product"}],"about":[{"href":"https:\/\/sklep.titinka.pl\/index.php?rest_route=\/wp\/v2\/types\/product"}],"wp:featuredmedia":[{"embeddable":true,"href":"https:\/\/sklep.titinka.pl\/index.php?rest_route=\/wp\/v2\/media\/2025"}],"wp:attachment":[{"href":"https:\/\/sklep.titinka.pl\/index.php?rest_route=%2Fwp%2Fv2%2Fmedia&parent=2023"}],"wp:term":[{"taxonomy":"product_cat","embeddable":true,"href":"https:\/\/sklep.titinka.pl\/index.php?rest_route=%2Fwp%2Fv2%2Fproduct_cat&post=2023"},{"taxonomy":"product_tag","embeddable":true,"href":"https:\/\/sklep.titinka.pl\/index.php?rest_route=%2Fwp%2Fv2%2Fproduct_tag&post=2023"}],"curies":[{"name":"wp","href":"https:\/\/api.w.org\/{rel}","templated":true}]}}