{"id":1870,"date":"2024-03-23T20:18:47","date_gmt":"2024-03-23T20:18:47","guid":{"rendered":"https:\/\/sklep.titinka.pl\/?post_type=product&#038;p=1870"},"modified":"2025-02-09T11:33:27","modified_gmt":"2025-02-09T11:33:27","slug":"zlota-monstera-kartka-na-slub","status":"publish","type":"product","link":"https:\/\/sklep.titinka.pl\/?product=zlota-monstera-kartka-na-slub","title":{"rendered":"Z\u0142ota Monstera &#8211; kartka na \u015blub"},"content":{"rendered":"","protected":false},"excerpt":{"rendered":"<p>Elegancka i romantyczna \u00a0kartka \u015blubna z modnym motywem z\u0142otych li\u015bci monstery.<br \/>\nZosta\u0142a wykonana z wysokiej jaki\u015bci materia\u0142\u00f3w\u00a0z dba\u0142o\u015bci\u0105 o najdrobniejsze szczeg\u00f3\u0142y.<br \/>\nZawiera elementy przestrzenne.<br \/>\n\u015awietnie sprawdzi si\u0119 jako prezent na letnie \u015bluby.<\/p>\n<p>Jest sprzedawana w komplecie z kopert\u0105.<\/p>\n<p>Rozmiar 13 x 13 \u00a0cm<\/p>\n","protected":false},"featured_media":1871,"template":"","meta":[],"product_cat":[11,13],"product_tag":[],"_links":{"self":[{"href":"https:\/\/sklep.titinka.pl\/index.php?rest_route=\/wp\/v2\/product\/1870"}],"collection":[{"href":"https:\/\/sklep.titinka.pl\/index.php?rest_route=\/wp\/v2\/product"}],"about":[{"href":"https:\/\/sklep.titinka.pl\/index.php?rest_route=\/wp\/v2\/types\/product"}],"wp:featuredmedia":[{"embeddable":true,"href":"https:\/\/sklep.titinka.pl\/index.php?rest_route=\/wp\/v2\/media\/1871"}],"wp:attachment":[{"href":"https:\/\/sklep.titinka.pl\/index.php?rest_route=%2Fwp%2Fv2%2Fmedia&parent=1870"}],"wp:term":[{"taxonomy":"product_cat","embeddable":true,"href":"https:\/\/sklep.titinka.pl\/index.php?rest_route=%2Fwp%2Fv2%2Fproduct_cat&post=1870"},{"taxonomy":"product_tag","embeddable":true,"href":"https:\/\/sklep.titinka.pl\/index.php?rest_route=%2Fwp%2Fv2%2Fproduct_tag&post=1870"}],"curies":[{"name":"wp","href":"https:\/\/api.w.org\/{rel}","templated":true}]}}