{"id":1757,"date":"2025-01-17T12:25:29","date_gmt":"2025-01-17T12:25:29","guid":{"rendered":"https:\/\/sklep.titinka.pl\/?post_type=product&#038;p=1757"},"modified":"2025-01-17T12:25:29","modified_gmt":"2025-01-17T12:25:29","slug":"bucik-dziewczecy-winietka-na-chrzest-na-zamowienie","status":"publish","type":"product","link":"https:\/\/sklep.titinka.pl\/?product=bucik-dziewczecy-winietka-na-chrzest-na-zamowienie","title":{"rendered":"Bucik dziewcz\u0119cy &#8211; winietka na chrzest- na zam\u00f3wienie!"},"content":{"rendered":"","protected":false},"excerpt":{"rendered":"<p>Winietki na chrzest dziewczynki &#8211; wykonywane wy\u0142\u0105cznie na zam\u00f3wienie<\/p>\n<p>kolorystyka do ustalenia<\/p>\n<p>Rozmiar: 6 x 3 x 4,5 cm<\/p>\n<p>Winietki s\u0105 sprzedawane bez cukierk\u00f3w!<\/p>\n","protected":false},"featured_media":1762,"template":"","meta":[],"product_cat":[108,116,106],"product_tag":[],"_links":{"self":[{"href":"https:\/\/sklep.titinka.pl\/index.php?rest_route=\/wp\/v2\/product\/1757"}],"collection":[{"href":"https:\/\/sklep.titinka.pl\/index.php?rest_route=\/wp\/v2\/product"}],"about":[{"href":"https:\/\/sklep.titinka.pl\/index.php?rest_route=\/wp\/v2\/types\/product"}],"wp:featuredmedia":[{"embeddable":true,"href":"https:\/\/sklep.titinka.pl\/index.php?rest_route=\/wp\/v2\/media\/1762"}],"wp:attachment":[{"href":"https:\/\/sklep.titinka.pl\/index.php?rest_route=%2Fwp%2Fv2%2Fmedia&parent=1757"}],"wp:term":[{"taxonomy":"product_cat","embeddable":true,"href":"https:\/\/sklep.titinka.pl\/index.php?rest_route=%2Fwp%2Fv2%2Fproduct_cat&post=1757"},{"taxonomy":"product_tag","embeddable":true,"href":"https:\/\/sklep.titinka.pl\/index.php?rest_route=%2Fwp%2Fv2%2Fproduct_tag&post=1757"}],"curies":[{"name":"wp","href":"https:\/\/api.w.org\/{rel}","templated":true}]}}