{"id":1560,"date":"2025-02-09T11:38:56","date_gmt":"2025-02-09T11:38:56","guid":{"rendered":"https:\/\/sklep.titinka.pl\/?post_type=product&#038;p=1560"},"modified":"2025-02-09T11:38:56","modified_gmt":"2025-02-09T11:38:56","slug":"kartka-slubna-dla-wielbicieli-podrozy","status":"publish","type":"product","link":"https:\/\/sklep.titinka.pl\/?product=kartka-slubna-dla-wielbicieli-podrozy","title":{"rendered":"Kartka \u015blubna dla wielbicieli podr\u00f3\u017cy"},"content":{"rendered":"","protected":false},"excerpt":{"rendered":"<p>R\u0119cznie wykonana kartka na\u00a0\u015blub lub walentynki.<br \/>\nKartka wykonana z wysokiej jako\u015bci materia\u0142\u00f3w.<br \/>\nNie zawiera \u017cycze\u0144.<br \/>\nKartka jest sprzedawana w komplecie z kopert\u0105.<\/p>\n<p>Rozmiar 13 x 13 \u00a0cm<\/p>\n","protected":false},"featured_media":1561,"template":"","meta":[],"product_cat":[11,13],"product_tag":[],"_links":{"self":[{"href":"https:\/\/sklep.titinka.pl\/index.php?rest_route=\/wp\/v2\/product\/1560"}],"collection":[{"href":"https:\/\/sklep.titinka.pl\/index.php?rest_route=\/wp\/v2\/product"}],"about":[{"href":"https:\/\/sklep.titinka.pl\/index.php?rest_route=\/wp\/v2\/types\/product"}],"wp:featuredmedia":[{"embeddable":true,"href":"https:\/\/sklep.titinka.pl\/index.php?rest_route=\/wp\/v2\/media\/1561"}],"wp:attachment":[{"href":"https:\/\/sklep.titinka.pl\/index.php?rest_route=%2Fwp%2Fv2%2Fmedia&parent=1560"}],"wp:term":[{"taxonomy":"product_cat","embeddable":true,"href":"https:\/\/sklep.titinka.pl\/index.php?rest_route=%2Fwp%2Fv2%2Fproduct_cat&post=1560"},{"taxonomy":"product_tag","embeddable":true,"href":"https:\/\/sklep.titinka.pl\/index.php?rest_route=%2Fwp%2Fv2%2Fproduct_tag&post=1560"}],"curies":[{"name":"wp","href":"https:\/\/api.w.org\/{rel}","templated":true}]}}