{"id":1525,"date":"2025-02-09T11:38:55","date_gmt":"2025-02-09T11:38:55","guid":{"rendered":"https:\/\/sklep.titinka.pl\/?post_type=product&#038;p=1525"},"modified":"2025-02-09T11:38:55","modified_gmt":"2025-02-09T11:38:55","slug":"mlodej-parze-niebieska-kartka-slubna","status":"publish","type":"product","link":"https:\/\/sklep.titinka.pl\/?product=mlodej-parze-niebieska-kartka-slubna","title":{"rendered":"M\u0142odej Parze &#8211; niebieska kartka \u015blubna"},"content":{"rendered":"","protected":false},"excerpt":{"rendered":"<p>R\u0119cznie wykonana kartka na\u00a0\u015blub.<br \/>\nKartka wykonana z wysokiej jako\u015bci materia\u0142\u00f3w.<br \/>\nNie zawiera \u017cycze\u0144.<br \/>\nKartka jest sprzedawana w komplecie z kopert\u0105.<\/p>\n<p>Rozmiar DL 10,5 x 21 cm<\/p>\n","protected":false},"featured_media":1235,"template":"","meta":[],"product_cat":[11,13],"product_tag":[],"_links":{"self":[{"href":"https:\/\/sklep.titinka.pl\/index.php?rest_route=\/wp\/v2\/product\/1525"}],"collection":[{"href":"https:\/\/sklep.titinka.pl\/index.php?rest_route=\/wp\/v2\/product"}],"about":[{"href":"https:\/\/sklep.titinka.pl\/index.php?rest_route=\/wp\/v2\/types\/product"}],"wp:featuredmedia":[{"embeddable":true,"href":"https:\/\/sklep.titinka.pl\/index.php?rest_route=\/wp\/v2\/media\/1235"}],"wp:attachment":[{"href":"https:\/\/sklep.titinka.pl\/index.php?rest_route=%2Fwp%2Fv2%2Fmedia&parent=1525"}],"wp:term":[{"taxonomy":"product_cat","embeddable":true,"href":"https:\/\/sklep.titinka.pl\/index.php?rest_route=%2Fwp%2Fv2%2Fproduct_cat&post=1525"},{"taxonomy":"product_tag","embeddable":true,"href":"https:\/\/sklep.titinka.pl\/index.php?rest_route=%2Fwp%2Fv2%2Fproduct_tag&post=1525"}],"curies":[{"name":"wp","href":"https:\/\/api.w.org\/{rel}","templated":true}]}}