{"id":1323,"date":"2025-02-09T12:48:32","date_gmt":"2025-02-09T12:48:32","guid":{"rendered":"https:\/\/sklep.titinka.pl\/?post_type=product&#038;p=1323"},"modified":"2025-02-09T12:48:32","modified_gmt":"2025-02-09T12:48:32","slug":"mis-z-balonami-kartka-urodzinowa-dla-dziewczynki","status":"publish","type":"product","link":"https:\/\/sklep.titinka.pl\/?product=mis-z-balonami-kartka-urodzinowa-dla-dziewczynki","title":{"rendered":"Mi\u015b z balonami &#8211;  kartka urodzinowa dla dziewczynki"},"content":{"rendered":"","protected":false},"excerpt":{"rendered":"<p>R\u0119cznie wykonana kartka na\u00a0urodziny dla dziewczynki.<br \/>\nKartka wykonana z wysokiej jako\u015bci materia\u0142\u00f3w.<br \/>\nNie zawiera \u017cycze\u0144.<br \/>\nKartka jest sprzedawana w komplecie z bia\u0142\u0105 kopert\u0105.<\/p>\n<p>Rozmiar A6 &#8211; 10,5 x 15 cm<\/p>\n","protected":false},"featured_media":1324,"template":"","meta":[],"product_cat":[11,12],"product_tag":[],"_links":{"self":[{"href":"https:\/\/sklep.titinka.pl\/index.php?rest_route=\/wp\/v2\/product\/1323"}],"collection":[{"href":"https:\/\/sklep.titinka.pl\/index.php?rest_route=\/wp\/v2\/product"}],"about":[{"href":"https:\/\/sklep.titinka.pl\/index.php?rest_route=\/wp\/v2\/types\/product"}],"wp:featuredmedia":[{"embeddable":true,"href":"https:\/\/sklep.titinka.pl\/index.php?rest_route=\/wp\/v2\/media\/1324"}],"wp:attachment":[{"href":"https:\/\/sklep.titinka.pl\/index.php?rest_route=%2Fwp%2Fv2%2Fmedia&parent=1323"}],"wp:term":[{"taxonomy":"product_cat","embeddable":true,"href":"https:\/\/sklep.titinka.pl\/index.php?rest_route=%2Fwp%2Fv2%2Fproduct_cat&post=1323"},{"taxonomy":"product_tag","embeddable":true,"href":"https:\/\/sklep.titinka.pl\/index.php?rest_route=%2Fwp%2Fv2%2Fproduct_tag&post=1323"}],"curies":[{"name":"wp","href":"https:\/\/api.w.org\/{rel}","templated":true}]}}