{"id":1161,"date":"2025-02-09T12:20:44","date_gmt":"2025-02-09T12:20:44","guid":{"rendered":"http:\/\/sklep.titinka.pl\/?post_type=product&#038;p=1161"},"modified":"2025-02-09T12:20:44","modified_gmt":"2025-02-09T12:20:44","slug":"bony-na-wnuki-dzieciaczki-zestaw-niebieski-a6-2","status":"publish","type":"product","link":"https:\/\/sklep.titinka.pl\/?product=bony-na-wnuki-dzieciaczki-zestaw-niebieski-a6-2","title":{"rendered":"Bony na wnuki &#8211; &#8222;Dzieciaczki&#8221; &#8211; zestaw niebieski A6"},"content":{"rendered":"","protected":false},"excerpt":{"rendered":"<p>Zestaw 2 bon\u00f3w na wnuki.<\/p>\n<p>R\u0119cznie wykonane kartki, idealnie \u00a0nadaj\u0105 si\u0119 na wr\u0119czenie w ramach podzi\u0119kowa\u0144 dla rodzic\u00f3w podczas wesela.<\/p>\n<p>Bony s\u0105 w formacie A6 &#8211; 10,5 x 15 cm<\/p>\n<p>Kartki zosta\u0142y wykonane z wysokiej jako\u015bci materia\u0142\u00f3w, z dba\u0142o\u015bci\u0105 o szczeg\u00f3\u0142y.<\/p>\n<p>Kartki s\u0105 wysy\u0142ane w komplecie z bia\u0142ymi kopertami.<\/p>\n<p>Istnieje mo\u017cliwo\u015b\u0107 personalizacji tekstu w \u015brodku bonu.<\/p>\n","protected":false},"featured_media":1162,"template":"","meta":[],"product_cat":[60,11],"product_tag":[61,62,63],"_links":{"self":[{"href":"https:\/\/sklep.titinka.pl\/index.php?rest_route=\/wp\/v2\/product\/1161"}],"collection":[{"href":"https:\/\/sklep.titinka.pl\/index.php?rest_route=\/wp\/v2\/product"}],"about":[{"href":"https:\/\/sklep.titinka.pl\/index.php?rest_route=\/wp\/v2\/types\/product"}],"wp:featuredmedia":[{"embeddable":true,"href":"https:\/\/sklep.titinka.pl\/index.php?rest_route=\/wp\/v2\/media\/1162"}],"wp:attachment":[{"href":"https:\/\/sklep.titinka.pl\/index.php?rest_route=%2Fwp%2Fv2%2Fmedia&parent=1161"}],"wp:term":[{"taxonomy":"product_cat","embeddable":true,"href":"https:\/\/sklep.titinka.pl\/index.php?rest_route=%2Fwp%2Fv2%2Fproduct_cat&post=1161"},{"taxonomy":"product_tag","embeddable":true,"href":"https:\/\/sklep.titinka.pl\/index.php?rest_route=%2Fwp%2Fv2%2Fproduct_tag&post=1161"}],"curies":[{"name":"wp","href":"https:\/\/api.w.org\/{rel}","templated":true}]}}