{"id":105,"date":"2025-02-09T10:31:52","date_gmt":"2025-02-09T10:31:52","guid":{"rendered":"http:\/\/sklep.titinka.pl\/?product=bransoletka-koralikowa-pastelowa"},"modified":"2025-02-09T10:48:47","modified_gmt":"2025-02-09T10:48:47","slug":"bransoletka-koralikowa-pastelowa","status":"publish","type":"product","link":"https:\/\/sklep.titinka.pl\/?product=bransoletka-koralikowa-pastelowa","title":{"rendered":"Bransoletka koralikowa pastelowa"},"content":{"rendered":"","protected":false},"excerpt":{"rendered":"<p>Stylowa bransoletka koralikowa.<\/p>\n<p>Wykonana r\u0119cznie, metod\u0105 sznur\u00f3w koralikowo-szyde\u0142kowych.<\/p>\n<p>Dominuj\u0105ce\u00a0kolory to pastelowy r\u00f3\u017c, b\u0142\u0119kit i kremowy.<\/p>\n<p>Bransoletka posiada pewne i eleganckie zapi\u0119cie w kolorze srebrnym.<\/p>\n<p>D\u0142ugo\u015b\u0107 z zapi\u0119ciem: 18 cm<\/p>\n<p>&nbsp;<\/p>\n","protected":false},"featured_media":106,"template":"","meta":[],"product_cat":[7,16],"product_tag":[51,50,43,48,47,44,45,52,49,46],"_links":{"self":[{"href":"https:\/\/sklep.titinka.pl\/index.php?rest_route=\/wp\/v2\/product\/105"}],"collection":[{"href":"https:\/\/sklep.titinka.pl\/index.php?rest_route=\/wp\/v2\/product"}],"about":[{"href":"https:\/\/sklep.titinka.pl\/index.php?rest_route=\/wp\/v2\/types\/product"}],"wp:featuredmedia":[{"embeddable":true,"href":"https:\/\/sklep.titinka.pl\/index.php?rest_route=\/wp\/v2\/media\/106"}],"wp:attachment":[{"href":"https:\/\/sklep.titinka.pl\/index.php?rest_route=%2Fwp%2Fv2%2Fmedia&parent=105"}],"wp:term":[{"taxonomy":"product_cat","embeddable":true,"href":"https:\/\/sklep.titinka.pl\/index.php?rest_route=%2Fwp%2Fv2%2Fproduct_cat&post=105"},{"taxonomy":"product_tag","embeddable":true,"href":"https:\/\/sklep.titinka.pl\/index.php?rest_route=%2Fwp%2Fv2%2Fproduct_tag&post=105"}],"curies":[{"name":"wp","href":"https:\/\/api.w.org\/{rel}","templated":true}]}}