{"id":6,"date":"2016-11-23T11:43:57","date_gmt":"2016-11-23T11:43:57","guid":{"rendered":"http:\/\/sklep.titinka.pl\/?page_id=6"},"modified":"2016-11-23T11:50:36","modified_gmt":"2016-11-23T11:50:36","slug":"koszyk","status":"publish","type":"page","link":"https:\/\/sklep.titinka.pl\/?page_id=6","title":{"rendered":"Koszyk"},"content":{"rendered":"<div class=\"woocommerce\"><div class=\"woocommerce-notices-wrapper\"><\/div>\n<form class=\"woocommerce-cart-form\" action=\"https:\/\/sklep.titinka.pl\/?page_id=6\" method=\"post\">\n\t\n\t<table class=\"shop_table shop_table_responsive cart woocommerce-cart-form__contents\" cellspacing=\"0\">\n\t\t<thead>\n\t\t\t<tr>\n\t\t\t\t<th class=\"product-remove\">&nbsp;<\/th>\n\t\t\t\t<th class=\"product-thumbnail\">&nbsp;<\/th>\n\t\t\t\t<th class=\"product-name\">Produkt<\/th>\n\t\t\t\t<th class=\"product-price\">Cena<\/th>\n\t\t\t\t<th class=\"product-quantity\">Ilo\u015b\u0107<\/th>\n\t\t\t\t<th class=\"product-subtotal\">Podsuma<\/th>\n\t\t\t<\/tr>\n\t\t<\/thead>\n\t\t<tbody>\n\t\t\t\n\t\t\t\t\t\t\t\t<tr class=\"woocommerce-cart-form__cart-item cart_item\">\n\n\t\t\t\t\t\t<td class=\"product-remove\">\n\t\t\t\t\t\t\t<a href=\"https:\/\/sklep.titinka.pl\/?page_id=6&#038;remove_item=a4300b002bcfb71f291dac175d52df94&#038;_wpnonce=30756996d3\" class=\"remove\" aria-label=\"Usu\u0144 element\" data-product_id=\"909\" data-product_sku=\"KIK024\">&times;<\/a>\t\t\t\t\t\t<\/td>\n\n\t\t\t\t\t\t<td class=\"product-thumbnail\">\n\t\t\t\t\t\t<a href=\"https:\/\/sklep.titinka.pl\/?product=kartka-na-pierwsza-komunie-swieta-zloty-kielich-niebieska\"><img width=\"324\" height=\"324\" src=\"https:\/\/sklep.titinka.pl\/wp-content\/uploads\/2018\/03\/komunia_kielich_nieb_roz-3-324x324.jpg\" class=\"attachment-woocommerce_thumbnail size-woocommerce_thumbnail\" alt=\"\" decoding=\"async\" loading=\"lazy\" srcset=\"https:\/\/sklep.titinka.pl\/wp-content\/uploads\/2018\/03\/komunia_kielich_nieb_roz-3-324x324.jpg 324w, https:\/\/sklep.titinka.pl\/wp-content\/uploads\/2018\/03\/komunia_kielich_nieb_roz-3-100x100.jpg 100w\" sizes=\"(max-width: 324px) 100vw, 324px\" \/><\/a>\t\t\t\t\t\t<\/td>\n\n\t\t\t\t\t\t<td class=\"product-name\" data-title=\"Produkt\">\n\t\t\t\t\t\t<a href=\"https:\/\/sklep.titinka.pl\/?product=kartka-na-pierwsza-komunie-swieta-zloty-kielich-niebieska\">Kartka na Pierwsz\u0105 Komuni\u0119 \u015awi\u0119t\u0105 - z\u0142oty kielich - niebieska<\/a>\t\t\t\t\t\t<\/td>\n\n\t\t\t\t\t\t<td class=\"product-price\" data-title=\"Cena\">\n\t\t\t\t\t\t\t<span class=\"woocommerce-Price-amount amount\"><bdi>18,99&nbsp;<span class=\"woocommerce-Price-currencySymbol\">&#122;&#322;<\/span><\/bdi><\/span>\t\t\t\t\t\t<\/td>\n\n\t\t\t\t\t\t<td class=\"product-quantity\" data-title=\"Ilo\u015b\u0107\">\n\t\t\t\t\t\t\t<div class=\"quantity\">\n\t\t\t\t<label class=\"screen-reader-text\" for=\"quantity_69e023f838744\">ilo\u015b\u0107 Kartka na Pierwsz\u0105 Komuni\u0119 \u015awi\u0119t\u0105 - z\u0142oty kielich - niebieska<\/label>\n\t\t<input\n\t\t\ttype=\"number\"\n\t\t\tid=\"quantity_69e023f838744\"\n\t\t\tclass=\"input-text qty text\"\n\t\t\tstep=\"1\"\n\t\t\tmin=\"0\"\n\t\t\tmax=\"1\"\n\t\t\tname=\"cart[a4300b002bcfb71f291dac175d52df94][qty]\"\n\t\t\tvalue=\"1\"\n\t\t\ttitle=\"Ilo\u015b\u0107\"\n\t\t\tsize=\"4\"\n\t\t\tplaceholder=\"\"\n\t\t\tinputmode=\"numeric\" \/>\n\t\t\t<\/div>\n\t\t\t\t\t\t\t<\/td>\n\n\t\t\t\t\t\t<td class=\"product-subtotal\" data-title=\"Podsuma\">\n\t\t\t\t\t\t\t<span class=\"woocommerce-Price-amount amount\"><bdi>18,99&nbsp;<span class=\"woocommerce-Price-currencySymbol\">&#122;&#322;<\/span><\/bdi><\/span>\t\t\t\t\t\t<\/td>\n\t\t\t\t\t<\/tr>\n\t\t\t\t\t\n\t\t\t\n\t\t\t<tr>\n\t\t\t\t<td colspan=\"6\" class=\"actions\">\n\n\t\t\t\t\t\t\t\t\t\t\t<div class=\"coupon\">\n\t\t\t\t\t\t\t<label for=\"coupon_code\">Kupon:<\/label> <input type=\"text\" name=\"coupon_code\" class=\"input-text\" id=\"coupon_code\" value=\"\" placeholder=\"Kod kuponu\" \/> <button type=\"submit\" class=\"button\" name=\"apply_coupon\" value=\"Zastosuj kupon\">Zastosuj kupon<\/button>\n\t\t\t\t\t\t\t\t\t\t\t\t\t<\/div>\n\t\t\t\t\t\n\t\t\t\t\t<button type=\"submit\" class=\"button\" name=\"update_cart\" value=\"Zaktualizuj koszyk\">Zaktualizuj koszyk<\/button>\n\n\t\t\t\t\t\n\t\t\t\t\t<input type=\"hidden\" id=\"woocommerce-cart-nonce\" name=\"woocommerce-cart-nonce\" value=\"30756996d3\" \/><input type=\"hidden\" name=\"_wp_http_referer\" value=\"\/index.php?rest_route=%2Fwp%2Fv2%2Fpages%2F6\" \/>\t\t\t\t<\/td>\n\t\t\t<\/tr>\n\n\t\t\t\t\t<\/tbody>\n\t<\/table>\n\t<\/form>\n\n\n<div class=\"cart-collaterals\">\n\t<div class=\"cart_totals \">\n\n\t\n\t<h2>Podsumowanie koszyka<\/h2>\n\n\t<table cellspacing=\"0\" class=\"shop_table shop_table_responsive\">\n\n\t\t<tr class=\"cart-subtotal\">\n\t\t\t<th>Podsuma<\/th>\n\t\t\t<td data-title=\"Podsuma\"><span class=\"woocommerce-Price-amount amount\"><bdi>18,99&nbsp;<span class=\"woocommerce-Price-currencySymbol\">&#122;&#322;<\/span><\/bdi><\/span><\/td>\n\t\t<\/tr>\n\n\t\t\n\t\t\n\t\t\t\n\t\t\t<tr class=\"woocommerce-shipping-totals shipping\">\n\t<th>Wysy\u0142ka<\/th>\n\t<td data-title=\"Wysy\u0142ka\">\n\t\t\t\t\t<ul id=\"shipping_method\" class=\"woocommerce-shipping-methods\">\n\t\t\t\t\t\t\t\t\t<li>\n\t\t\t\t\t\t<input type=\"radio\" name=\"shipping_method[0]\" data-index=\"0\" id=\"shipping_method_0_local_pickup6\" value=\"local_pickup:6\" class=\"shipping_method\"  checked='checked' \/><label for=\"shipping_method_0_local_pickup6\">Odbi\u00f3r osobisty<\/label>\t\t\t\t\t<\/li>\n\t\t\t\t\t\t\t\t\t<li>\n\t\t\t\t\t\t<input type=\"radio\" name=\"shipping_method[0]\" data-index=\"0\" id=\"shipping_method_0_easypack_parcel_machines\" value=\"easypack_parcel_machines\" class=\"shipping_method\"  \/><label for=\"shipping_method_0_easypack_parcel_machines\">Paczkomaty InPost: <span class=\"woocommerce-Price-amount amount\"><bdi>16,00&nbsp;<span class=\"woocommerce-Price-currencySymbol\">&#122;&#322;<\/span><\/bdi><\/span> <span class=\"easypack-shipping-method-logo\"><img style=\"\" src=\"https:\/\/sklep.titinka.pl\/wp-content\/plugins\/woo-inpost\/\/assets\/images\/logo\/small\/white.png\" \/><span><\/label>\t\t\t\t\t<\/li>\n\t\t\t\t\t\t\t<\/ul>\n\t\t\t\t\t\t\t<p class=\"woocommerce-shipping-destination\">\n\t\t\t\t\tMetody wysy\u0142ki zostan\u0105 zaktualizowane podczas sk\u0142adania zam\u00f3wienia.\t\t\t\t<\/p>\n\t\t\t\t\t\t\n\t\t\n\t\t\t\t\t\n<form class=\"woocommerce-shipping-calculator\" action=\"https:\/\/sklep.titinka.pl\/?page_id=6\" method=\"post\">\n\n\t<a href=\"#\" class=\"shipping-calculator-button\">Oblicz koszty wysy\u0142ki<\/a>\n\t<section class=\"shipping-calculator-form\" style=\"display:none;\">\n\n\t\t\t\t\t<p class=\"form-row form-row-wide\" id=\"calc_shipping_country_field\">\n\t\t\t\t<select name=\"calc_shipping_country\" id=\"calc_shipping_country\" class=\"country_to_state country_select\" rel=\"calc_shipping_state\">\n\t\t\t\t\t<option value=\"default\">Wybierz kraj\/region&hellip;<\/option>\n\t\t\t\t\t<option value=\"PL\" selected='selected'>Polska<\/option>\t\t\t\t<\/select>\n\t\t\t<\/p>\n\t\t\n\t\t\t\t\t<p class=\"form-row form-row-wide\" id=\"calc_shipping_state_field\">\n\t\t\t\t\t\t\t\t\t<input type=\"hidden\" name=\"calc_shipping_state\" id=\"calc_shipping_state\" placeholder=\"Wojew\u00f3dztwo \/ Region\" \/>\n\t\t\t\t\t\t\t\t<\/p>\n\t\t\n\t\t\t\t\t<p class=\"form-row form-row-wide\" id=\"calc_shipping_city_field\">\n\t\t\t\t<input type=\"text\" class=\"input-text\" value=\"\" placeholder=\"Miasto\" name=\"calc_shipping_city\" id=\"calc_shipping_city\" \/>\n\t\t\t<\/p>\n\t\t\n\t\t\t\t\t<p class=\"form-row form-row-wide\" id=\"calc_shipping_postcode_field\">\n\t\t\t\t<input type=\"text\" class=\"input-text\" value=\"\" placeholder=\"Kod pocztowy\" name=\"calc_shipping_postcode\" id=\"calc_shipping_postcode\" \/>\n\t\t\t<\/p>\n\t\t\n\t\t<p><button type=\"submit\" name=\"calc_shipping\" value=\"1\" class=\"button\">Aktualizuj<\/button><\/p>\n\t\t<input type=\"hidden\" id=\"woocommerce-shipping-calculator-nonce\" name=\"woocommerce-shipping-calculator-nonce\" value=\"abe5a45c81\" \/><input type=\"hidden\" name=\"_wp_http_referer\" value=\"\/index.php?rest_route=%2Fwp%2Fv2%2Fpages%2F6\" \/>\t<\/section>\n<\/form>\n\n\t\t\t<\/td>\n<\/tr>\n\n\t\t\t\n\t\t\n\t\t\n\t\t\n\t\t\n\t\t<tr class=\"order-total\">\n\t\t\t<th>\u0141\u0105cznie<\/th>\n\t\t\t<td data-title=\"\u0141\u0105cznie\"><strong><span class=\"woocommerce-Price-amount amount\"><bdi>18,99&nbsp;<span class=\"woocommerce-Price-currencySymbol\">&#122;&#322;<\/span><\/bdi><\/span><\/strong> <small class=\"includes_tax\">(zawiera <span class=\"woocommerce-Price-amount amount\">3,55&nbsp;<span class=\"woocommerce-Price-currencySymbol\">&#122;&#322;<\/span><\/span> VAT)<\/small><\/td>\n\t\t<\/tr>\n\n\t\t\n\t<\/table>\n\n\t<div class=\"wc-proceed-to-checkout\">\n\t\t\n<a href=\"https:\/\/sklep.titinka.pl\/?page_id=7\" class=\"checkout-button button alt wc-forward\">\n\tPrzejd\u017a do p\u0142atno\u015bci<\/a>\n\t<\/div>\n\n\t\n<\/div>\n<\/div>\n\n<\/div>\n","protected":false},"excerpt":{"rendered":"","protected":false},"author":1,"featured_media":0,"parent":0,"menu_order":0,"comment_status":"closed","ping_status":"closed","template":"","meta":{"footnotes":""},"_links":{"self":[{"href":"https:\/\/sklep.titinka.pl\/index.php?rest_route=\/wp\/v2\/pages\/6"}],"collection":[{"href":"https:\/\/sklep.titinka.pl\/index.php?rest_route=\/wp\/v2\/pages"}],"about":[{"href":"https:\/\/sklep.titinka.pl\/index.php?rest_route=\/wp\/v2\/types\/page"}],"author":[{"embeddable":true,"href":"https:\/\/sklep.titinka.pl\/index.php?rest_route=\/wp\/v2\/users\/1"}],"replies":[{"embeddable":true,"href":"https:\/\/sklep.titinka.pl\/index.php?rest_route=%2Fwp%2Fv2%2Fcomments&post=6"}],"version-history":[{"count":1,"href":"https:\/\/sklep.titinka.pl\/index.php?rest_route=\/wp\/v2\/pages\/6\/revisions"}],"predecessor-version":[{"id":9,"href":"https:\/\/sklep.titinka.pl\/index.php?rest_route=\/wp\/v2\/pages\/6\/revisions\/9"}],"wp:attachment":[{"href":"https:\/\/sklep.titinka.pl\/index.php?rest_route=%2Fwp%2Fv2%2Fmedia&parent=6"}],"curies":[{"name":"wp","href":"https:\/\/api.w.org\/{rel}","templated":true}]}}