{"id":379,"date":"2017-09-06T19:55:27","date_gmt":"2017-09-06T19:55:27","guid":{"rendered":"http:\/\/sklep.titinka.pl\/?page_id=379"},"modified":"2024-09-10T09:02:11","modified_gmt":"2024-09-10T09:02:11","slug":"sklep-w-trakcie-budowy","status":"publish","type":"page","link":"https:\/\/sklep.titinka.pl\/","title":{"rendered":""},"content":{"rendered":"\n<h4 class=\"wp-block-heading has-text-align-center\">Kartki \u015blubne<\/h4>\n\n\n<div class=\"wp-block-image is-resized is-style-default\">\n<figure class=\"aligncenter size-large\"><a href=\"https:\/\/sklep.titinka.pl\/?product_cat=slub\"><img decoding=\"async\" loading=\"lazy\" width=\"1024\" height=\"1024\" src=\"https:\/\/sklep.titinka.pl\/wp-content\/uploads\/2022\/09\/IMG_9855-1024x1024.jpg\" alt=\"\" class=\"wp-image-2769\" srcset=\"https:\/\/sklep.titinka.pl\/wp-content\/uploads\/2022\/09\/IMG_9855-1024x1024.jpg 1024w, https:\/\/sklep.titinka.pl\/wp-content\/uploads\/2022\/09\/IMG_9855-300x300.jpg 300w, https:\/\/sklep.titinka.pl\/wp-content\/uploads\/2022\/09\/IMG_9855-200x200.jpg 200w, https:\/\/sklep.titinka.pl\/wp-content\/uploads\/2022\/09\/IMG_9855-768x768.jpg 768w, https:\/\/sklep.titinka.pl\/wp-content\/uploads\/2022\/09\/IMG_9855-1536x1536.jpg 1536w, https:\/\/sklep.titinka.pl\/wp-content\/uploads\/2022\/09\/IMG_9855-2048x2048.jpg 2048w, https:\/\/sklep.titinka.pl\/wp-content\/uploads\/2022\/09\/IMG_9855-324x324.jpg 324w, https:\/\/sklep.titinka.pl\/wp-content\/uploads\/2022\/09\/IMG_9855-416x416.jpg 416w, https:\/\/sklep.titinka.pl\/wp-content\/uploads\/2022\/09\/IMG_9855-100x100.jpg 100w\" sizes=\"(max-width: 1024px) 100vw, 1024px\" \/><\/a><\/figure><\/div>\n\n\n<h4 class=\"wp-block-heading has-text-align-center\">Kartki dla Kap\u0142an\u00f3w<\/h4>\n\n\n\n<figure class=\"wp-block-image size-large\"><a href=\"https:\/\/sklep.titinka.pl\/?product_cat=dla-kaplanow\"><img decoding=\"async\" loading=\"lazy\" width=\"1024\" height=\"1024\" src=\"https:\/\/sklep.titinka.pl\/wp-content\/uploads\/2024\/05\/IMG_8035-1024x1024.jpg\" alt=\"\" class=\"wp-image-2888\" srcset=\"https:\/\/sklep.titinka.pl\/wp-content\/uploads\/2024\/05\/IMG_8035-1024x1024.jpg 1024w, https:\/\/sklep.titinka.pl\/wp-content\/uploads\/2024\/05\/IMG_8035-300x300.jpg 300w, https:\/\/sklep.titinka.pl\/wp-content\/uploads\/2024\/05\/IMG_8035-200x200.jpg 200w, https:\/\/sklep.titinka.pl\/wp-content\/uploads\/2024\/05\/IMG_8035-768x768.jpg 768w, https:\/\/sklep.titinka.pl\/wp-content\/uploads\/2024\/05\/IMG_8035-1536x1536.jpg 1536w, https:\/\/sklep.titinka.pl\/wp-content\/uploads\/2024\/05\/IMG_8035-2048x2048.jpg 2048w, https:\/\/sklep.titinka.pl\/wp-content\/uploads\/2024\/05\/IMG_8035-324x324.jpg 324w, https:\/\/sklep.titinka.pl\/wp-content\/uploads\/2024\/05\/IMG_8035-416x416.jpg 416w, https:\/\/sklep.titinka.pl\/wp-content\/uploads\/2024\/05\/IMG_8035-100x100.jpg 100w\" sizes=\"(max-width: 1024px) 100vw, 1024px\" \/><\/a><\/figure>\n\n\n\n<h4 class=\"wp-block-heading alignwide has-text-align-center\"><a href=\"https:\/\/sklep.titinka.pl\/?product_cat=pierwsza-komunia-swieta-zaproszenia-2\">Zaproszenia na Komuni\u0119<\/a><\/h4>\n\n\n<div class=\"wp-block-image is-resized\">\n<figure class=\"aligncenter size-large\"><img decoding=\"async\" loading=\"lazy\" width=\"1024\" height=\"1024\" src=\"https:\/\/sklep.titinka.pl\/wp-content\/uploads\/2022\/03\/IMG_7628-1024x1024.jpg\" alt=\"\" class=\"wp-image-2647\" srcset=\"https:\/\/sklep.titinka.pl\/wp-content\/uploads\/2022\/03\/IMG_7628-1024x1024.jpg 1024w, https:\/\/sklep.titinka.pl\/wp-content\/uploads\/2022\/03\/IMG_7628-300x300.jpg 300w, https:\/\/sklep.titinka.pl\/wp-content\/uploads\/2022\/03\/IMG_7628-200x200.jpg 200w, https:\/\/sklep.titinka.pl\/wp-content\/uploads\/2022\/03\/IMG_7628-768x768.jpg 768w, https:\/\/sklep.titinka.pl\/wp-content\/uploads\/2022\/03\/IMG_7628-1536x1536.jpg 1536w, https:\/\/sklep.titinka.pl\/wp-content\/uploads\/2022\/03\/IMG_7628-2048x2048.jpg 2048w, https:\/\/sklep.titinka.pl\/wp-content\/uploads\/2022\/03\/IMG_7628-324x324.jpg 324w, https:\/\/sklep.titinka.pl\/wp-content\/uploads\/2022\/03\/IMG_7628-416x416.jpg 416w, https:\/\/sklep.titinka.pl\/wp-content\/uploads\/2022\/03\/IMG_7628-100x100.jpg 100w\" sizes=\"(max-width: 1024px) 100vw, 1024px\" \/><\/figure><\/div>\n\n\n<h4 class=\"wp-block-heading has-text-align-center\">Pierwsza Komunia \u015awi\u0119ta<br>-kolekcja Classic Blue<\/h4>\n\n\n<div class=\"wp-block-image is-resized\">\n<figure class=\"aligncenter\"><a href=\"https:\/\/sklep.titinka.pl\/?orderby=popularity&amp;paged=1&amp;product_cat=pierwsza-komunia-swieta\"><img decoding=\"async\" loading=\"lazy\" width=\"1024\" height=\"768\" src=\"https:\/\/sklep.titinka.pl\/wp-content\/uploads\/2020\/02\/IMG_2467-1024x768.jpg\" alt=\"\" class=\"wp-image-2087\" srcset=\"https:\/\/sklep.titinka.pl\/wp-content\/uploads\/2020\/02\/IMG_2467-1024x768.jpg 1024w, https:\/\/sklep.titinka.pl\/wp-content\/uploads\/2020\/02\/IMG_2467-416x312.jpg 416w, https:\/\/sklep.titinka.pl\/wp-content\/uploads\/2020\/02\/IMG_2467-267x200.jpg 267w, https:\/\/sklep.titinka.pl\/wp-content\/uploads\/2020\/02\/IMG_2467-300x225.jpg 300w, https:\/\/sklep.titinka.pl\/wp-content\/uploads\/2020\/02\/IMG_2467-768x576.jpg 768w\" sizes=\"(max-width: 1024px) 100vw, 1024px\" \/><\/a><\/figure><\/div>\n\n\n<h4 class=\"wp-block-heading has-text-align-center\">Kartki na chrzest<\/h4>\n\n\n<div class=\"wp-block-image is-resized\">\n<figure class=\"aligncenter\"><a href=\"https:\/\/sklep.titinka.pl\/?product_cat=chrzest\" target=\"_blank\" rel=\"noreferrer noopener\"><img decoding=\"async\" loading=\"lazy\" width=\"1024\" height=\"683\" src=\"https:\/\/sklep.titinka.pl\/wp-content\/uploads\/2018\/10\/anio\u0142ki_duze-3-1024x683.jpg\" alt=\"\" class=\"wp-image-1389\" srcset=\"https:\/\/sklep.titinka.pl\/wp-content\/uploads\/2018\/10\/anio\u0142ki_duze-3-1024x683.jpg 1024w, https:\/\/sklep.titinka.pl\/wp-content\/uploads\/2018\/10\/anio\u0142ki_duze-3-416x277.jpg 416w, https:\/\/sklep.titinka.pl\/wp-content\/uploads\/2018\/10\/anio\u0142ki_duze-3-300x200.jpg 300w, https:\/\/sklep.titinka.pl\/wp-content\/uploads\/2018\/10\/anio\u0142ki_duze-3-768x512.jpg 768w, https:\/\/sklep.titinka.pl\/wp-content\/uploads\/2018\/10\/anio\u0142ki_duze-3.jpg 1200w\" sizes=\"(max-width: 1024px) 100vw, 1024px\" \/><\/a><\/figure><\/div>\n\n\n<h4 class=\"wp-block-heading has-text-align-center\">Bi\u017cuteria<\/h4>\n\n\n<div class=\"wp-block-image is-resized\">\n<figure class=\"aligncenter\"><a href=\"https:\/\/sklep.titinka.pl\/?product_cat=bizuteria\"><img decoding=\"async\" loading=\"lazy\" width=\"1024\" height=\"683\" src=\"https:\/\/sklep.titinka.pl\/wp-content\/uploads\/2018\/12\/niebieskie_chwosty-16-1024x683.jpg\" alt=\"\" class=\"wp-image-1479\" srcset=\"https:\/\/sklep.titinka.pl\/wp-content\/uploads\/2018\/12\/niebieskie_chwosty-16-1024x683.jpg 1024w, https:\/\/sklep.titinka.pl\/wp-content\/uploads\/2018\/12\/niebieskie_chwosty-16-416x277.jpg 416w, https:\/\/sklep.titinka.pl\/wp-content\/uploads\/2018\/12\/niebieskie_chwosty-16-300x200.jpg 300w, https:\/\/sklep.titinka.pl\/wp-content\/uploads\/2018\/12\/niebieskie_chwosty-16-768x512.jpg 768w, https:\/\/sklep.titinka.pl\/wp-content\/uploads\/2018\/12\/niebieskie_chwosty-16.jpg 1200w\" sizes=\"(max-width: 1024px) 100vw, 1024px\" \/><\/a><\/figure><\/div>\n\n\n<p><\/p>\n","protected":false},"excerpt":{"rendered":"<p>Kartki \u015blubne Kartki dla Kap\u0142an\u00f3w Zaproszenia na Komuni\u0119 Pierwsza Komunia \u015awi\u0119ta-kolekcja Classic Blue Kartki na chrzest Bi\u017cuteria<\/p>\n","protected":false},"author":1,"featured_media":0,"parent":0,"menu_order":0,"comment_status":"closed","ping_status":"closed","template":"template-fullwidth.php","meta":{"footnotes":""},"_links":{"self":[{"href":"https:\/\/sklep.titinka.pl\/index.php?rest_route=\/wp\/v2\/pages\/379"}],"collection":[{"href":"https:\/\/sklep.titinka.pl\/index.php?rest_route=\/wp\/v2\/pages"}],"about":[{"href":"https:\/\/sklep.titinka.pl\/index.php?rest_route=\/wp\/v2\/types\/page"}],"author":[{"embeddable":true,"href":"https:\/\/sklep.titinka.pl\/index.php?rest_route=\/wp\/v2\/users\/1"}],"replies":[{"embeddable":true,"href":"https:\/\/sklep.titinka.pl\/index.php?rest_route=%2Fwp%2Fv2%2Fcomments&post=379"}],"version-history":[{"count":69,"href":"https:\/\/sklep.titinka.pl\/index.php?rest_route=\/wp\/v2\/pages\/379\/revisions"}],"predecessor-version":[{"id":2929,"href":"https:\/\/sklep.titinka.pl\/index.php?rest_route=\/wp\/v2\/pages\/379\/revisions\/2929"}],"wp:attachment":[{"href":"https:\/\/sklep.titinka.pl\/index.php?rest_route=%2Fwp%2Fv2%2Fmedia&parent=379"}],"curies":[{"name":"wp","href":"https:\/\/api.w.org\/{rel}","templated":true}]}}