{"id":369,"date":"2017-09-06T11:36:38","date_gmt":"2017-09-06T11:36:38","guid":{"rendered":"http:\/\/sklep.titinka.pl\/?page_id=369"},"modified":"2017-09-06T20:48:06","modified_gmt":"2017-09-06T20:48:06","slug":"faq","status":"publish","type":"page","link":"https:\/\/sklep.titinka.pl\/?page_id=369","title":{"rendered":"FAQ"},"content":{"rendered":"<p><strong>Najcz\u0119\u015bciej zadawane pytania:<\/strong><br \/>\n\u2022 <strong>Jaki jest czas realizacji zam\u00f3wienia?<\/strong><br \/>\nWszystkie produkty dost\u0119pne w sklepie s\u0105 gotowe do wysy\u0142ki.<br \/>\n\u2022 <strong>Jak d\u0142ugo musz\u0119 czeka\u0107 na przesy\u0142k\u0119?<\/strong><br \/>\nProdukty dost\u0119pne w sklepie s\u0105 wysy\u0142ane najp\u00f3\u017aniej nast\u0119pnego dnia roboczego po zaksi\u0119gowaniu p\u0142atno\u015bci na koncie sklepu.<br \/>\n\u2022 <strong>Jakim sposobem s\u0105 wysy\u0142ane zam\u00f3wienia?<\/strong><br \/>\nWszystkie zam\u00f3wienia wysy\u0142amy Poczt\u0105 Polsk\u0105 Listem Poleconym \u2013 Priorytetem<br \/>\n<em><strong>Nie wysy\u0142amy za pobraniem!<\/strong><\/em><br \/>\n<strong>\u2022 Czy jest mo\u017cliwy odbi\u00f3r osobisty?<\/strong><br \/>\nTak, jest mo\u017cliwy odbi\u00f3r osobisty zam\u00f3wienia w Warszawie, po wcze\u015bniejszym ustaleniu daty, godziny i miejsca. Preferowane okolice Centrum, Praga Po\u0142udnie, Wawer.<br \/>\n<em><strong>Adres korespondencyjny sklepu nie jest adresem pracowni!<\/strong><\/em><br \/>\n<strong>\u2022 Czy mog\u0119 z\u0142o\u017cy\u0107 zam\u00f3wienie indywidualne?<\/strong><br \/>\nTak, przyjmujemy zam\u00f3wienia indywidualne, s\u0105 one osobno wyceniane, a ich czas realizacji zale\u017cy od rodzaju, rozmiaru i poziomu trudno\u015bci zam\u00f3wienia. Niedu\u017ce zam\u00f3wienia staramy si\u0119 realizowa\u0107 w maksymalnie 2 tygodnie. Zam\u00f3wienia indywidualne s\u0105 realizowane w kolejno\u015bci sk\u0142adania, wi\u0119c mo\u017ce si\u0119 zdarzy\u0107, \u017ce b\u0119dzie kolejka. Wszystkie szczeg\u00f3\u0142y ustalamy mailowo.<br \/>\n<strong>\u2022 Czy mog\u0119 zam\u00f3wi\u0107 tak\u0105 sam\u0105 rzecz jak w sklepie lub na blogu?<\/strong><br \/>\nKartki, bi\u017cuteria i dekoracje s\u0105 wykonywane w pojedynczych egzemplarzach. Cz\u0119sto mo\u017cemy wykona\u0107 rzecz podobn\u0105, ale bardzo rzadko identyczn\u0105. Wszystko zale\u017cy od wybranego wzoru i dost\u0119pno\u015bci materia\u0142\u00f3w do jego wykonania. W takich przypadkach szczeg\u00f3\u0142y s\u0105 ustalane mailowo.<br \/>\n<strong>\u2022 Czy mog\u0119 zam\u00f3wi\u0107 produkt w innym kolorze ni\u017c prezentowany w sklepie lub na blogu?<\/strong><br \/>\nZazwyczaj jest taka mo\u017cliwo\u015b\u0107, jednak produkt mo\u017ce minimalnie r\u00f3\u017cni\u0107 si\u0119 od prezentowanego, tak jak w poprzednim przypadku wszystko zale\u017cy od dost\u0119pno\u015bci materia\u0142\u00f3w do jego wykonania, a szczeg\u00f3\u0142y s\u0105 ustalane mailowo.<br \/>\n<strong>\u2022 Czy jest mo\u017cliwa personalizacja zam\u00f3wienia?<\/strong><br \/>\nW przypadku kartek jest mo\u017cliwa personalizacja &#8211; np. dodanie \u017cycze\u0144 przes\u0142anych przez zamawiaj\u0105cego.<br \/>\nPersonalizacja strony frontowej nie zawsze jest mo\u017cliwa, ale zawsze mo\u017cemy wykona\u0107 na zam\u00f3wienie kartk\u0119 w podobnym stylu, umieszczaj\u0105c elementy personalizowane.<br \/>\nW przypadku bi\u017cuterii nie ma mo\u017cliwo\u015bci personalizacji.<br \/>\n<strong>\u2022 Czy sklep mo\u017ce odm\u00f3wi\u0107 realizacji zam\u00f3wienia?<\/strong><br \/>\nTak &#8211; zastrzegamy sobie prawo do odmowy realizacji zam\u00f3wienia, w przypadkach kiedy zamawiany produkt mo\u017ce by\u0107 dla kogo\u015b obra\u017aliwy, lub narusza prawo, w tym r\u00f3wnie\u017c prawa autorskie innych tw\u00f3rc\u00f3w.<\/p>\n<p>&nbsp;<\/p>\n","protected":false},"excerpt":{"rendered":"<p>Najcz\u0119\u015bciej zadawane pytania: \u2022 Jaki jest czas realizacji zam\u00f3wienia? Wszystkie produkty dost\u0119pne w sklepie s\u0105 gotowe do wysy\u0142ki. \u2022 Jak d\u0142ugo musz\u0119 czeka\u0107 na przesy\u0142k\u0119? Produkty dost\u0119pne w sklepie s\u0105 wysy\u0142ane najp\u00f3\u017aniej nast\u0119pnego dnia roboczego po zaksi\u0119gowaniu p\u0142atno\u015bci na koncie sklepu. \u2022 Jakim sposobem s\u0105 wysy\u0142ane zam\u00f3wienia? Wszystkie zam\u00f3wienia wysy\u0142amy Poczt\u0105 Polsk\u0105 Listem Poleconym \u2013 [&hellip;]<\/p>\n","protected":false},"author":1,"featured_media":0,"parent":0,"menu_order":0,"comment_status":"closed","ping_status":"closed","template":"","meta":{"footnotes":""},"_links":{"self":[{"href":"https:\/\/sklep.titinka.pl\/index.php?rest_route=\/wp\/v2\/pages\/369"}],"collection":[{"href":"https:\/\/sklep.titinka.pl\/index.php?rest_route=\/wp\/v2\/pages"}],"about":[{"href":"https:\/\/sklep.titinka.pl\/index.php?rest_route=\/wp\/v2\/types\/page"}],"author":[{"embeddable":true,"href":"https:\/\/sklep.titinka.pl\/index.php?rest_route=\/wp\/v2\/users\/1"}],"replies":[{"embeddable":true,"href":"https:\/\/sklep.titinka.pl\/index.php?rest_route=%2Fwp%2Fv2%2Fcomments&post=369"}],"version-history":[{"count":7,"href":"https:\/\/sklep.titinka.pl\/index.php?rest_route=\/wp\/v2\/pages\/369\/revisions"}],"predecessor-version":[{"id":386,"href":"https:\/\/sklep.titinka.pl\/index.php?rest_route=\/wp\/v2\/pages\/369\/revisions\/386"}],"wp:attachment":[{"href":"https:\/\/sklep.titinka.pl\/index.php?rest_route=%2Fwp%2Fv2%2Fmedia&parent=369"}],"curies":[{"name":"wp","href":"https:\/\/api.w.org\/{rel}","templated":true}]}}