{"id":365,"date":"2017-09-06T10:01:31","date_gmt":"2017-09-06T10:01:31","guid":{"rendered":"http:\/\/sklep.titinka.pl\/?page_id=365"},"modified":"2026-03-18T23:56:58","modified_gmt":"2026-03-18T23:56:58","slug":"regulamin","status":"publish","type":"page","link":"https:\/\/sklep.titinka.pl\/?page_id=365","title":{"rendered":"Regulamin"},"content":{"rendered":"<p><strong>Regulamin sklepu<br \/>\n<\/strong><br \/>\nSklep internetowy Ti-Tinka.pl dzia\u0142aj\u0105cy pod adresem www.sklep.titinka.pl, prowadzony jest przez: Justyn\u0119 Niemczynowicz, zamieszka\u0142\u0105 w Warszawie.<\/p>\n<p><strong>1. INFORMACJE OG\u00d3LNE<\/strong><\/p>\n<p>1.1. Niniejszy regulamin sporz\u0105dzony zosta\u0142 w oparciu o przepisy prawa obowi\u0105zuj\u0105ce na terytorium Rzeczpospolitej Polskiej i okre\u015bla zasady dzia\u0142ania platformy funkcjonuj\u0105cej pod domen\u0105 sklep.titinka.pl oraz \u015bwiadczenia i korzystania z us\u0142ug. Regulamin okre\u015bla prawa i obowi\u0105zki u\u017cytkownik\u00f3w, oraz prawa, obowi\u0105zki i zakres odpowiedzialno\u015bci serwisu, jako podmiotu zarz\u0105dzaj\u0105cego i prowadz\u0105cego.<\/p>\n<p>1.2. Warunkiem zakupu towar\u00f3w i korzystania z us\u0142ug oferowanych przez serwis jest dok\u0142adne zapoznanie si\u0119 z tre\u015bci\u0105 niniejszego regulaminu oraz jego pe\u0142na akceptacja.<\/p>\n<p>1.3. Nazwa sklepu, jego koncepcja, uk\u0142ad graficzny, logo, elementy grafiki oraz baza danych podlegaj\u0105 ochronie prawnej i nie mog\u0105 by\u0107 kopiowane, rozpowszechniane i wykorzystywane bez zgody podmiotu uprawnionego.<\/p>\n<p><strong>2. Z\u0141O\u017bENIE ZAM\u00d3WIENIA<\/strong><\/p>\n<p>2.1. Klient sk\u0142adaj\u0105c zam\u00f3wienie w sklepie internetowym, sk\u0142ada ofert\u0119 kupna okre\u015blonego towaru na warunkach podanych w specyfikacji zam\u00f3wienia. Momentem zawarcia umowy sprzeda\u017cy jest klikni\u0119cie guzika &#8222;Kupuj\u0119 i p\u0142ac\u0119&#8221;, potwierdzaj\u0105cego zakup wybranego produktu.<\/p>\n<p>2.2. Do realizacji zam\u00f3wienia przyst\u0119pujemy po zaksi\u0119gowaniu wp\u0142aty na koncie. Prosimy o podanie numeru zam\u00f3wienia w tytule przelewu.<\/p>\n<p>2.3. Do zam\u00f3wienia do\u0142\u0105czana jest faktura.<\/p>\n<p>2.4. Ewentualne zmiany w zam\u00f3wieniu ustalane s\u0105 indywidualnie drog\u0105 mailow\u0105.<\/p>\n<p>2.5. Zam\u00f3wienia indywidualne s\u0105 wykonywane po wcze\u015bniejszym ustaleniu szczeg\u00f3\u0142\u00f3w drog\u0105 mailow\u0105, s\u0105 one wyceniane indywidualnie, a czas ich realizacji zale\u017cy od wielko\u015bci i poziomu trudno\u015bci zam\u00f3wionego produktu.<\/p>\n<p><strong>3. KOSZTY WYSY\u0141KI<br \/>\n<\/strong><br \/>\n3.1. W sklepie internetowym Ti-Tinka.pl obowi\u0105zuj\u0105 cenny wysy\u0142ki zgodne z cennikiem:<\/p>\n<ul>\n<li>Odbi\u00f3r osobisty w Warszawie \u2013 0,00 z\u0142\u00a0\u00a0(Odbi\u00f3r zam\u00f3wienia mo\u017cliwy jest po uprzednim ustaleniu terminu i miejsca)<\/li>\n<li>Paczkomaty In Post &#8211; 16 z\u0142<\/li>\n<\/ul>\n<p>3.2. Koszty dostawy dotycz\u0105 obszaru Polski. Przy wysy\u0142kach zagranicznych prosimy o kontakt na adres kontakt@ti-tinka.pl przed z\u0142o\u017ceniem zam\u00f3wienia w celu ustalenia kosztu wysy\u0142ki w zale\u017cno\u015bci od kraju przeznaczenia i ilo\u015bci towaru.<\/p>\n<p>3.3. W sk\u0142ad op\u0142aty za transport wchodzi koszt op\u0142aty pocztowej lub kurierskiej, koszt opakowania i przygotowania towaru do wysy\u0142ki.<\/p>\n<p>3.4. Przed odebraniem przesy\u0142ki nale\u017cy sprawdzi\u0107 w obecno\u015bci dor\u0119czyciela, czy opakowanie nie uleg\u0142o uszkodzeniu w transporcie. W przypadku, gdy opakowanie przesy\u0142ki nosi znamiona uszkodzenia nie nale\u017cy przyjmowa\u0107 przesy\u0142ki i sporz\u0105dzi\u0107 protok\u00f3\u0142 zniszczenia oraz skontaktowa\u0107 si\u0119 jak najszybciej z naszym sklepem w celu wyja\u015bnienia sprawy.<\/p>\n<p><strong>4. CZAS REALIZACJI ZAM\u00d3WIENIA<\/strong><\/p>\n<p>4.1. Wysy\u0142ka przedmiot\u00f3w dost\u0119pnych w sklepie realizowana jest codziennie (od poniedzia\u0142ku do pi\u0105tku).<\/p>\n<p>4.2. Towar wysy\u0142amy w ci\u0105gu 2 dni roboczych od zaksi\u0119gowania wp\u0142aty na koncie. W przypadku produkt\u00f3w wykonywanych na zam\u00f3wienie termin realizacji zam\u00f3wienia jest ustalany indywidualnie.<\/p>\n<p>4.3. Zastrzegamy sobie prawo do wysy\u0142ki towaru w czasie d\u0142u\u017cszym ni\u017c deklarowany w nag\u0142ych sytuacjach niezale\u017cnych od firmy lub w przypadku bardzo du\u017cej liczby zam\u00f3wie\u0144.<\/p>\n<p><strong>5. REKLAMACJE<br \/>\n<\/strong><br \/>\n5.1. Reklamacje rozpatrujemy po otrzymaniu drog\u0105 mailow\u0105 zg\u0142oszenia (w ci\u0105gu 14 dni od daty dostarczenia produktu) wraz z uzasadnieniem oraz zdj\u0119ciem reklamowanego towaru, na kt\u00f3rym b\u0119dzie widoczna przyczyna reklamacji. Nast\u0119pnie reklamowany produkt nale\u017cy odes\u0142a\u0107 do siedziby firmy (na sw\u00f3j koszt).<\/p>\n<p>5.2. Ka\u017cd\u0105 reklamacj\u0119 rozpatrujemy indywidualnie. Reklamowany towar nie mo\u017ce nosi\u0107 \u015blad\u00f3w u\u017cytkowania. Kupuj\u0105cy ponosi wszystkie koszty wysy\u0142ki wynikaj\u0105ce z reklamacji towaru i jego wymiany na inny produkt. W sytuacji, gdy otrzymany produkt posiada wady fabryczne wymienimy go lub zwr\u00f3cimy Pa\u0144stwu jego r\u00f3wnowarto\u015b\u0107. W przypadku, gdyby otrzymany towar nie by\u0142 tym, kt\u00f3ry zosta\u0142 zam\u00f3wiony\/zakupiony dokonujemy jego wymiany w ci\u0105gu 14 dni od otrzymania reklamowanego towaru.<\/p>\n<p><strong>6. ZWROT TOWARU<br \/>\n<\/strong><br \/>\n6.1. Konsument, kt\u00f3ry zawar\u0142 umow\u0119 na odleg\u0142o\u015b\u0107, mo\u017ce od niej odst\u0105pi\u0107 bez podania przyczyn, sk\u0142adaj\u0105c stosowne o\u015bwiadczenie na pi\u015bmie w terminie czternastu dni. Do zachowania tego terminu wystarczy wys\u0142anie o\u015bwiadczenia przed jego up\u0142ywem. Towar powinien by\u0107 odes\u0142any w oryginalnym opakowaniu i nie mo\u017ce nosi\u0107 \u015blad\u00f3w u\u017cytkowania.<\/p>\n<p>6.2. Termin, w kt\u00f3rym konsument mo\u017ce odst\u0105pi\u0107 od umowy, liczy si\u0119 od dnia wydania rzeczy.<\/p>\n<p>6.3. Prawo odst\u0105pienia od umowy zawartej na odleg\u0142o\u015b\u0107 nie przys\u0142uguje konsumentowi w przypadku \u015bwiadcze\u0144 o w\u0142a\u015bciwo\u015bciach okre\u015blonych przez konsumenta w z\u0142o\u017conym przez niego zam\u00f3wieniu lub \u015bci\u015ble zwi\u0105zanych z jego osob\u0105, tj. produkt\u00f3w wykonywanych na zam\u00f3wienie (np. zaproszenia itp.). (USTAWA z dnia 2 marca 2000 r. o ochronie niekt\u00f3rych praw konsument\u00f3w oraz o odpowiedzialno\u015bci za szkod\u0119 wyrz\u0105dzon\u0105 przez produkt niebezpieczny Dz.U. 2000 Nr 22 poz. 271 Art. 10. punkt 3 podpkt.4).<\/p>\n<p>6.4. Prawo odst\u0105pienia od umowy zawartej na odleg\u0142o\u015b\u0107 nie przys\u0142uguje konsumentowi w wypadku \u015bwiadczenia us\u0142ug \u00a0zam\u00f3wienia indywidualnego rozpocz\u0119tego, za zgod\u0105 konsumenta.<\/p>\n<p><strong>7. INFORMACJE DODATKOWE ODNO\u015aNIE PRODUKT\u00d3W WYKONYWANYCH NA ZAM\u00d3WIENIE<br \/>\n<\/strong><br \/>\n7.1. Sprzedaj\u0105cy zobowi\u0105zuje si\u0119 do wykonania zam\u00f3wienia zgodnie z ustaleniami poczynionymi z klientem drog\u0105 mailow\u0105.<\/p>\n<p>7.2. Sprzedaj\u0105cy zobowi\u0105zuje si\u0119 do przes\u0142ania zdj\u0119\u0107 gotowego produktu do akceptacji zamawiaj\u0105cego (drog\u0105 mailow\u0105).<\/p>\n<p>7.3. Mailowa akceptacja zdj\u0119cia gotowego produktu jest jednoznaczna ze zgod\u0105 na zakup produktu.<\/p>\n<p>7.4. Kolory produkt\u00f3w mog\u0105 nieznacznie r\u00f3\u017cni\u0107 si\u0119 od rzeczywistych w zale\u017cno\u015bci od indywidualnych ustawie\u0144 monitora.<\/p>\n<p>7.5. Zam\u00f3wione produkty mog\u0105 r\u00f3\u017cni\u0107 si\u0119 od gotowych produkt\u00f3w dost\u0119pnych w sklepie.<\/p>\n<p><strong>8. OCHRONA DANYCH OSOBOWYCH<br \/>\n<\/strong><\/p>\n<p>8.1.\u00a0<strong>Twoje dane s\u0105 u nas bezpieczne<\/strong><\/p>\n<p>8.1.1.<strong>\u00a0<\/strong>Administratorem Twoich danych osobowych jest Justyna Niemczynowicz<br \/>\n8.1.2.\u00a0Twoje dane osobowe podawane w formularzu zam\u00f3wienia b\u0119d\u0105 przetwarzane wy\u0142\u0105cznie w celu realizacji z\u0142o\u017conego zam\u00f3wienia.\u00a0Podanie danych osobowych jest dobrowolne, ale niezb\u0119dne w celu realizacji us\u0142ugi.<\/p>\n<p>8.1.3. Twoje dane osobowe podawane w formularzu newsletter b\u0119d\u0105 przetwarzane, w celu wysy\u0142ki newslettera, czyli m.in. informacji na temat wpis\u00f3w blogowych czy szkole\u0144, na podstawie art. 6 ust. 1 lit. a) RODO.<\/p>\n<p>Podanie danych osobowych jest dobrowolne, ale niezb\u0119dne w celu realizacji us\u0142ugi newsletter. Je\u015bli ich nie podasz, nie b\u0119dziemy mogli wysy\u0142a\u0107 do Ciebie wiadomo\u015bci, ani innych produkt\u00f3w blogowych.<\/p>\n<p>Twoje dane b\u0119d\u0105 przechowywane przez okres dystrybucji us\u0142ugi newslettera.<\/p>\n<p>8.1.4. Twoje dane osobowe b\u0119d\u0105 przetwarzane wy\u0142\u0105cznie do momentu wycofania przez Ciebie udzielonej zgody\/wypisania si\u0119 z newslettera, a nast\u0119pnie zostan\u0105 usuni\u0119te, chyba \u017ce zdecydujesz si\u0119 korzysta\u0107 z naszych us\u0142ug i pozostawisz je na innej podstawie i we wskazanym Ci celu.<\/p>\n<p>8.1.5. Twoje dane osobowe b\u0119d\u0105 udost\u0119pnianie innym odbiorcom danych, takim jak serwisy \u015bwiadcz\u0105ce us\u0142ugi utrzymania systemu informatycznego i hostingu, dostawca us\u0142ugi poczty elektronicznej, dostawca us\u0142ugi dystrybucji newslettera.<\/p>\n<p>8.1.6. Masz prawo dost\u0119pu do tre\u015bci swoich danych, ich poprawiania, ich sprostowania, usuni\u0119cia lub ograniczenia przetwarzania, prawo do wniesienia sprzeciwu wobec przetwarzania, prawo do przenoszenia danych, prawo \u017c\u0105dania dost\u0119pu do danych, a tak\u017ce prawo wniesienia skargi do organu nadzorczego, je\u015bli uznasz, \u017ce przetwarzanie Twoich danych jest niezgodne z aktualnie obowi\u0105zuj\u0105cymi przepisami prawa w zakresie ochrony danych. Przys\u0142uguje Ci te\u017c prawo do bycia zapomnianym, je\u015bli dalsze przetwarzanie nie b\u0119dzie przewidziane przez aktualnie obowi\u0105zuj\u0105ce przepisy prawa.<\/p>\n<p>8.1.7. Posiadasz te\u017c <strong>prawo do cofni\u0119cia zgody\u00a0<\/strong>w dowolnym momencie, cofni\u0119cie zgody pozostaje bez wp\u0142ywu na przetwarzanie danych, kt\u00f3rego dokonano na podstawie zgody przez jej cofni\u0119ciem.<\/p>\n<p>8.1.8. Kontakt z Inspektorem Ochrony Danych Osobowych odbywa si\u0119 poprzez \u2013 e-mail: kontakt@ti-tinka.pl<br \/>\n<strong>9. PRAWA AUTORSKIE<br \/>\n<\/strong><br \/>\n9.1. Prezentowane artyku\u0142y i elementy graficzne s\u0105 nasz\u0105 w\u0142asno\u015bci\u0105 i stanowi\u0105 przedmiot praw autorskich. Kopiowanie i\/lub wykorzystywanie ich w jakiejkolwiek formie bez naszej wcze\u015bniejszej pisemnej zgody jest zabronione.<\/p>\n<p><strong>10. INFORMACJE DODATKOWE<br \/>\n<\/strong><br \/>\n10.1. W sprawach nieuregulowanych niniejszym Regulaminem stosuje si\u0119 przepisy Kodeksu Cywilnego.<\/p>\n<p>10.2. Wszelkie pytania i uwagi prosimy kierowa\u0107 na adres: kontakt@ti-tinka.pl<\/p>\n<p>10.3. Wszelkie spory Strony zobowi\u0105zuj\u0105 si\u0119 rozwi\u0105za\u0107 polubownie, w przypadku braku porozumienia spory rozstrzyga\u0107 b\u0119dzie S\u0105d w\u0142a\u015bciwy dla miejsca rejestracji firmy.<\/p>\n<p>10.4. We wszelkich sprawach nie uregulowanych w powy\u017cszym regulaminie maj\u0105 zastosowanie przepisy Kodeksu Cywilnego, oraz innych ustaw, a w odniesieniu do konsument\u00f3w, r\u00f3wnie\u017c Ustawy z dnia 17 lutego 2007 r. o ochronie niekt\u00f3rych praw konsument\u00f3w oraz o odpowiedzialno\u015bci za szkod\u0119 wyrz\u0105dzon\u0105 przez produkt niebezpieczny (Dz. U. nr 22 poz. 271 z p\u00f3\u017an. zm.) i Ustawy z dnia 27 lipca 2002 r. o szczeg\u00f3lnych warunkach sprzeda\u017cy konsumenckiej oraz o zmianie Kodeksu Cywilnego (Dz. U. nr 141 poz.1176).<\/p>\n<p>10.5. Postanowienia Regulaminu nale\u017cy interpretowa\u0107 w spos\u00f3b zapewniaj\u0105cy ich zgodno\u015b\u0107 z obowi\u0105zuj\u0105cymi przepisami prawa.<\/p>\n<p><strong>11. PROMOCJE<br \/>\n<\/strong><br \/>\n11.1. Sklep ma prawo wprowadza\u0107 promocje okazjonalne.<\/p>\n<p>11.2. Aby skorzysta\u0107 z promocji nale\u017cy wpisa\u0107 odpowiedni kod podczas sk\u0142adania zam\u00f3wienia.<\/p>\n<p>11.3. Promocja trwa do odwo\u0142ania.<\/p>\n<p>11.4. Promocje nie dotycz\u0105 zam\u00f3wie\u0144 indywidualnych.<\/p>\n","protected":false},"excerpt":{"rendered":"<p>Regulamin sklepu Sklep internetowy Ti-Tinka.pl dzia\u0142aj\u0105cy pod adresem www.sklep.titinka.pl, prowadzony jest przez: Justyn\u0119 Niemczynowicz, zamieszka\u0142\u0105 w Warszawie. 1. INFORMACJE OG\u00d3LNE 1.1. Niniejszy regulamin sporz\u0105dzony zosta\u0142 w oparciu o przepisy prawa obowi\u0105zuj\u0105ce na terytorium Rzeczpospolitej Polskiej i okre\u015bla zasady dzia\u0142ania platformy funkcjonuj\u0105cej pod domen\u0105 sklep.titinka.pl oraz \u015bwiadczenia i korzystania z us\u0142ug. Regulamin okre\u015bla prawa i obowi\u0105zki [&hellip;]<\/p>\n","protected":false},"author":1,"featured_media":0,"parent":0,"menu_order":0,"comment_status":"closed","ping_status":"closed","template":"","meta":{"footnotes":""},"_links":{"self":[{"href":"https:\/\/sklep.titinka.pl\/index.php?rest_route=\/wp\/v2\/pages\/365"}],"collection":[{"href":"https:\/\/sklep.titinka.pl\/index.php?rest_route=\/wp\/v2\/pages"}],"about":[{"href":"https:\/\/sklep.titinka.pl\/index.php?rest_route=\/wp\/v2\/types\/page"}],"author":[{"embeddable":true,"href":"https:\/\/sklep.titinka.pl\/index.php?rest_route=\/wp\/v2\/users\/1"}],"replies":[{"embeddable":true,"href":"https:\/\/sklep.titinka.pl\/index.php?rest_route=%2Fwp%2Fv2%2Fcomments&post=365"}],"version-history":[{"count":11,"href":"https:\/\/sklep.titinka.pl\/index.php?rest_route=\/wp\/v2\/pages\/365\/revisions"}],"predecessor-version":[{"id":3109,"href":"https:\/\/sklep.titinka.pl\/index.php?rest_route=\/wp\/v2\/pages\/365\/revisions\/3109"}],"wp:attachment":[{"href":"https:\/\/sklep.titinka.pl\/index.php?rest_route=%2Fwp%2Fv2%2Fmedia&parent=365"}],"curies":[{"name":"wp","href":"https:\/\/api.w.org\/{rel}","templated":true}]}}